{"id":11693,"date":"2017-08-03T07:03:35","date_gmt":"2017-08-03T11:03:35","guid":{"rendered":"https:\/\/thefashiontourismsociety.com\/sobre-nos\/"},"modified":"2025-03-26T16:27:01","modified_gmt":"2025-03-26T20:27:01","slug":"sobre-nos","status":"publish","type":"page","link":"https:\/\/thefashiontourismsociety.com\/pt-pt\/sobre-nos\/","title":{"rendered":"Sobre n\u00f3s"},"content":{"rendered":"<div class=\"wpb-content-wrapper\"><p>[vc_row full_width=&#8221;stretch_row&#8221; content_placement=&#8221;middle&#8221; css=&#8221;.vc_custom_1503215870640{margin-bottom: 0px !important;padding-top: 80px !important;padding-bottom: 80px !important;}&#8221;][vc_column width=&#8221;1\/2&#8243;][vc_single_image image=&#8221;11700&#8243; img_size=&#8221;566\u0445613&#8243; css_animation=&#8221;appear&#8221;][\/vc_column][vc_column width=&#8221;1\/2&#8243;][vc_column_text]<\/p>\n<h3>A Fashion Tourism Society oferece aventuras de moda sob a forma de passeios de compras e uma variedade de outros servi\u00e7os de compras. Os nossos estilistas profissionais e a experi\u00eancia em moda fazem de n\u00f3s o seu melhor guia de compras para personalizar a experi\u00eancia de compra perfeita com base no seu estilo e prefer\u00eancias. <\/h3>\n<p>[\/vc_column_text][vc_column_text]<\/p>\n<h6>\n            <span style=\"color: #999999;\">Acreditamos que a moda \u00e9 uma forma de arte.<\/span><br \/>\n          <\/h6>\n<h6>\n            <span style=\"color: #999999;\">Vemos o estilo como um meio fundamental de express\u00e3o.<\/span><br \/>\n          <\/h6>\n<h6>\n            <span style=\"color: #999999;\">E vivemos para aventuras de compras baseadas em experi\u00eancias.<\/span><br \/>\n          <\/h6>\n<p>[\/vc_column_text][vc_column_text]<\/p>\n<h5>Vamos explorar as cidades atrav\u00e9s das suas modas juntos!<\/h5>\n<p>[\/vc_column_text][\/vc_column][\/vc_row][vc_row full_width=&#8221;stretch_row&#8221; css=&#8221;.vc_custom_1505632520861{margin-bottom: 0px !important;padding-top: 80px !important;padding-bottom: 80px !important;background-color: #fafafa !important;}&#8221;][vc_column width=&#8221;1\/3&#8243;][vc_column_text]<\/p>\n<h5>A nossa hist\u00f3ria.<\/h5>\n<p>[\/vc_column_text][vc_column_text]A Fashion Tourism Society nasceu do desejo de elevar as experi\u00eancias de compras atrav\u00e9s da partilha de hist\u00f3rias de moda bonitas e multidimensionais de todo o mundo e de fazer compras com um especialista em estilo para ter experi\u00eancias \u00fanicas e mem\u00f3rias inesquec\u00edveis.[\/vc_column_text][\/vc_column][vc_column width=&#8221;1\/3&#8243;][vc_column_text]<\/p>\n<h5>A nossa miss\u00e3o.<\/h5>\n<p>[\/vc_column_text][vc_column_text]A nossa miss\u00e3o \u00e9 criar um mundo paralelo enquanto fazemos compras. Um mundo onde ajudamos os h\u00f3spedes a sentirem-se incr\u00edveis ao descobrirem boutiques e cidades contadas pelas suas hist\u00f3rias de moda e ao explorarem os seus superpoderes de moda e estilo com a sua madrinha do ferry da moda.[\/vc_column_text][\/vc_column][vc_column width=&#8221;1\/3&#8243;][vc_column_text]<\/p>\n<h5>Os nossos valores.<\/h5>\n<p>[\/vc_column_text][vc_column_text]Respeito. Valorizamos a abertura, a empatia e a bondade.<br \/>\nCriatividade. Gostamos de criar arte com moda.<br \/>\nComunidade. Apoiamos os produtores e as comunidades locais.<br \/>\nPensamento avan\u00e7ado. N\u00e3o acreditamos em caixas.<br \/>\nProfissionalismo. Atuamos com profissionalismo.[\/vc_column_text][\/vc_column][\/vc_row][vc_row full_width=&#8221;stretch_row&#8221; content_placement=&#8221;middle&#8221; disable_element=&#8221;yes&#8221; css=&#8221;.vc_custom_1589845993746{margin-bottom: 0px !important;padding-top: 80px !important;padding-bottom: 80px !important;}&#8221;][vc_column width=&#8221;1\/2&#8243;][vc_column_text]<\/p>\n<h3>The Rigid Shop.<\/h3>\n<p>[\/vc_column_text][vc_column_text]<\/p>\n<h6>Consumption as a share of gross domestic product in China has fallen for six decades, from 76 percent in 1952 to 28 percent in 2011. China plans to reduce tariffs on a number of consumer goods and expand its 72-hour transit visa plan to more cities in an effort to stimulate domestic consumption. <\/h6>\n<p>[\/vc_column_text][vc_btn title=&#8221;Shop Now&#8221; style=&#8221;custom&#8221; custom_background=&#8221;#333333&#8243; custom_text=&#8221;#ffffff&#8221; shape=&#8221;square&#8221; link=&#8221;url:https%3A%2F%2Frigid.althemist.com%2Fshop%2F|&#8221;][\/vc_column][vc_column width=&#8221;1\/2&#8243;][vc_single_image image=&#8221;4328&#8243; img_size=&#8221;566\u0445613&#8243; alignment=&#8221;center&#8221; css_animation=&#8221;appear&#8221;][\/vc_column][\/vc_row]<\/p>\n<\/div>","protected":false},"excerpt":{"rendered":"<p>[vc_row full_width=&#8221;stretch_row&#8221; content_placement=&#8221;middle&#8221; css=&#8221;.vc_custom_1503215870640{margin-bottom: 0px !important;padding-top: 80px !important;padding-bottom: 80px !important;}&#8221;][vc_column width=&#8221;1\/2&#8243;][vc_single_image image=&#8221;11700&#8243; img_size=&#8221;566\u0445613&#8243; css_animation=&#8221;appear&#8221;][\/vc_column][vc_column width=&#8221;1\/2&#8243;][vc_column_text] A Fashion Tourism Society oferece aventuras de moda sob a forma de passeios de compras e uma variedade de outros servi\u00e7os de compras. Os nossos estilistas profissionais e a experi\u00eancia em moda fazem de n\u00f3s o seu melhor guia de &#8230;<a class=\"r_more_blog\" href=\"https:\/\/thefashiontourismsociety.com\/pt-pt\/sobre-nos\/#more-11693\"><i class=\"fa fa-sign-in\"><\/i> read more<\/a><\/p>\n","protected":false},"author":1,"featured_media":0,"parent":0,"menu_order":0,"comment_status":"closed","ping_status":"closed","template":"","meta":{"om_disable_all_campaigns":false,"_monsterinsights_skip_tracking":false,"_monsterinsights_sitenote_active":false,"_monsterinsights_sitenote_note":"","_monsterinsights_sitenote_category":0,"_uf_show_specific_survey":0,"_uf_disable_surveys":false,"footnotes":""},"class_list":["post-11693","page","type-page","status-publish","hentry"],"yoast_head":"<!-- This site is optimized with the Yoast SEO plugin v27.2 - https:\/\/yoast.com\/product\/yoast-seo-wordpress\/ -->\n<title>Sobre n\u00f3s - The Fashion Tourism Society<\/title>\n<meta name=\"robots\" content=\"index, follow, max-snippet:-1, max-image-preview:large, max-video-preview:-1\" \/>\n<link rel=\"canonical\" href=\"https:\/\/thefashiontourismsociety.com\/pt-pt\/sobre-nos\/\" \/>\n<meta property=\"og:locale\" content=\"pt_PT\" \/>\n<meta property=\"og:type\" content=\"article\" \/>\n<meta property=\"og:title\" content=\"Sobre n\u00f3s - The Fashion Tourism Society\" \/>\n<meta property=\"og:description\" content=\"[vc_row full_width=&#8221;stretch_row&#8221; content_placement=&#8221;middle&#8221; css=&#8221;.vc_custom_1503215870640{margin-bottom: 0px !important;padding-top: 80px !important;padding-bottom: 80px !important;}&#8221;][vc_column width=&#8221;1\/2&#8243;][vc_single_image image=&#8221;11700&#8243; img_size=&#8221;566\u0445613&#8243; css_animation=&#8221;appear&#8221;][\/vc_column][vc_column width=&#8221;1\/2&#8243;][vc_column_text] A Fashion Tourism Society oferece aventuras de moda sob a forma de passeios de compras e uma variedade de outros servi\u00e7os de compras. Os nossos estilistas profissionais e a experi\u00eancia em moda fazem de n\u00f3s o seu melhor guia de ... read more\" \/>\n<meta property=\"og:url\" content=\"https:\/\/thefashiontourismsociety.com\/pt-pt\/sobre-nos\/\" \/>\n<meta property=\"og:site_name\" content=\"The Fashion Tourism Society\" \/>\n<meta property=\"article:modified_time\" content=\"2025-03-26T20:27:01+00:00\" \/>\n<meta name=\"twitter:card\" content=\"summary_large_image\" \/>\n<meta name=\"twitter:label1\" content=\"Tempo estimado de leitura\" \/>\n\t<meta name=\"twitter:data1\" content=\"3 minutos\" \/>\n<!-- \/ Yoast SEO plugin. -->","yoast_head_json":{"title":"Sobre n\u00f3s - The Fashion Tourism Society","robots":{"index":"index","follow":"follow","max-snippet":"max-snippet:-1","max-image-preview":"max-image-preview:large","max-video-preview":"max-video-preview:-1"},"canonical":"https:\/\/thefashiontourismsociety.com\/pt-pt\/sobre-nos\/","og_locale":"pt_PT","og_type":"article","og_title":"Sobre n\u00f3s - The Fashion Tourism Society","og_description":"[vc_row full_width=&#8221;stretch_row&#8221; content_placement=&#8221;middle&#8221; css=&#8221;.vc_custom_1503215870640{margin-bottom: 0px !important;padding-top: 80px !important;padding-bottom: 80px !important;}&#8221;][vc_column width=&#8221;1\/2&#8243;][vc_single_image image=&#8221;11700&#8243; img_size=&#8221;566\u0445613&#8243; css_animation=&#8221;appear&#8221;][\/vc_column][vc_column width=&#8221;1\/2&#8243;][vc_column_text] A Fashion Tourism Society oferece aventuras de moda sob a forma de passeios de compras e uma variedade de outros servi\u00e7os de compras. Os nossos estilistas profissionais e a experi\u00eancia em moda fazem de n\u00f3s o seu melhor guia de ... read more","og_url":"https:\/\/thefashiontourismsociety.com\/pt-pt\/sobre-nos\/","og_site_name":"The Fashion Tourism Society","article_modified_time":"2025-03-26T20:27:01+00:00","twitter_card":"summary_large_image","twitter_misc":{"Tempo estimado de leitura":"3 minutos"},"schema":{"@context":"https:\/\/schema.org","@graph":[{"@type":"WebPage","@id":"https:\/\/thefashiontourismsociety.com\/pt-pt\/sobre-nos\/","url":"https:\/\/thefashiontourismsociety.com\/pt-pt\/sobre-nos\/","name":"Sobre n\u00f3s - The Fashion Tourism Society","isPartOf":{"@id":"https:\/\/thefashiontourismsociety.com\/#website"},"datePublished":"2017-08-03T11:03:35+00:00","dateModified":"2025-03-26T20:27:01+00:00","breadcrumb":{"@id":"https:\/\/thefashiontourismsociety.com\/pt-pt\/sobre-nos\/#breadcrumb"},"inLanguage":"pt-PT","potentialAction":[{"@type":"ReadAction","target":["https:\/\/thefashiontourismsociety.com\/pt-pt\/sobre-nos\/"]}]},{"@type":"BreadcrumbList","@id":"https:\/\/thefashiontourismsociety.com\/pt-pt\/sobre-nos\/#breadcrumb","itemListElement":[{"@type":"ListItem","position":1,"name":"Home","item":"https:\/\/thefashiontourismsociety.com\/pt-pt\/a-sociedade-de-turismo-de-moda\/"},{"@type":"ListItem","position":2,"name":"Sobre n\u00f3s"}]},{"@type":"WebSite","@id":"https:\/\/thefashiontourismsociety.com\/#website","url":"https:\/\/thefashiontourismsociety.com\/","name":"The Fashion Tourism Society","description":"Explore The World Through Its Fashions","potentialAction":[{"@type":"SearchAction","target":{"@type":"EntryPoint","urlTemplate":"https:\/\/thefashiontourismsociety.com\/?s={search_term_string}"},"query-input":{"@type":"PropertyValueSpecification","valueRequired":true,"valueName":"search_term_string"}}],"inLanguage":"pt-PT"}]}},"jetpack-related-posts":[{"id":11229,"url":"https:\/\/thefashiontourismsociety.com\/es\/sobre-nosotros\/","url_meta":{"origin":11693,"position":0},"title":"Sobre nosotros","author":"styladmin","date":"Agosto 3, 2017","format":false,"excerpt":"[vc_row full_width=\"stretch_row\" content_placement=\"middle\" css=\".vc_custom_1503215870640{margin-bottom: 0px !important;padding-top: 80px !important;padding-bottom: 80px !important;}\"][vc_column width=\"1\/2\"][vc_single_image image=\"11236\" img_size=\"566\u0445613\" css_animation=\"appear\"][\/vc_column][vc_column width=\"1\/2\"][vc_column_text] La Sociedad de Turismo de Moda ofrece aventuras de moda en forma de tours de compras y una variedad de otros servicios. Nuestros estilistas profesionales y nuestra experiencia en moda nos convierten en su gu\u00eda\u2026","rel":"","context":"Similar post","block_context":{"text":"Similar post","link":""},"img":{"alt_text":"","src":"","width":0,"height":0},"classes":[]},{"id":11804,"url":"https:\/\/thefashiontourismsociety.com\/pt-pt\/contate-nos\/","url_meta":{"origin":11693,"position":1},"title":"Contate-nos","author":"styladmin","date":"Maio 30, 2017","format":false,"excerpt":"[vc_row full_width=\"stretch_row\" css=\".vc_custom_1503249677753{margin-bottom: 0px !important;padding-top: 50px !important;padding-bottom: 80px !important;background-color: #ffffff !important;}\"][vc_column][vc_row_inner css=\".vc_custom_1503227787607{margin-bottom: 80px !important;border-bottom-width: 1px !important;padding-bottom: 80px !important;border-bottom-color: #f1f1f1 !important;border-bottom-style: solid !important;}\"][vc_column_inner width=\"1\/3\"][vc_icon type=\"etline\" color=\"grey\" icon_etline=\"icon-envelope\" css=\".vc_custom_1589851204884{margin-bottom: 10px !important;}\"][vc_column_text css=\".vc_custom_1589850167009{margin-bottom: 15px !important;}\"] Consultas Gerais [\/vc_column_text][vc_column_text css=\".vc_custom_1646459440014{margin-bottom: 20px !important;}\"]Para mais informa\u00e7\u00f5es sobre o nosso estilo e experi\u00eancias de compra, por favor\u2026","rel":"","context":"Similar post","block_context":{"text":"Similar post","link":""},"img":{"alt_text":"","src":"","width":0,"height":0},"classes":[]},{"id":11759,"url":"https:\/\/thefashiontourismsociety.com\/pt-pt\/","url_meta":{"origin":11693,"position":2},"title":"A Sociedade de Turismo de Moda","author":"styladmin","date":"Novembro 7, 2017","format":false,"excerpt":"[vc_row full_width=\"stretch_row_content_no_spaces\" full_height=\"yes\" video_bg=\"yes\" video_bg_url=\"https:\/\/www.youtube.com\/watch?v=OUU2hoo3r4g\" video_bckgr_url=\"https:\/\/www.youtube.com\/watch?v=OUU2hoo3r4g\" video_bckgr_start=\"0\" video_bckgr_end=\"0:26\" general_row_align=\"rigid-align-center\" css=\".vc_custom_1742428112765{margin-right: 0px !important;margin-bottom: 0px !important;margin-left: 0px !important;padding-top: 0px !important;padding-bottom: 0px !important;}\"][vc_column][vc_custom_heading text=\"Experi\u00eancias de Turismo de Moda\" font_container=\"tag:h4|font_size:55px|text_align:center|color:%23ffffff|line_height:1\" use_theme_fonts=\"yes\"][vc_custom_heading text=\"\" font_container=\"tag:h4|font_size:55px|text_align:center|color:%23ffffff|line_height:1\" use_theme_fonts=\"yes\"][vc_custom_heading text=\"Moda local, passeios de compras e experi\u00eancias\" font_container=\"tag:h6|font_size:22px|text_align:center|color:%23ffffff\" use_theme_fonts=\"yes\"][vc_empty_space][vc_empty_space][vc_btn title=\"Reserve a sua pr\u00f3xima experi\u00eancia\" style=\"custom\" custom_background=\"#333333\" custom_text=\"#ffffff\" shape=\"square\" align=\"center\" css=\"\"\u2026","rel":"","context":"Similar post","block_context":{"text":"Similar post","link":""},"img":{"alt_text":"","src":"","width":0,"height":0},"classes":[]},{"id":11178,"url":"https:\/\/thefashiontourismsociety.com\/es\/contacta-con-nosotros\/","url_meta":{"origin":11693,"position":3},"title":"Contacta con nosotros","author":"styladmin","date":"Maio 30, 2017","format":false,"excerpt":"[vc_row full_width=\"stretch_row\" css=\".vc_custom_1503249677753{margin-bottom: 0px !important;padding-top: 50px !important;padding-bottom: 80px !important;background-color: #ffffff !important;}\"][vc_column][vc_row_inner css=\".vc_custom_1503227787607{margin-bottom: 80px !important;border-bottom-width: 1px !important;padding-bottom: 80px !important;border-bottom-color: #f1f1f1 !important;border-bottom-style: solid !important;}\"][vc_column_inner width=\"1\/3\"][vc_icon type=\"etline\" color=\"grey\" icon_etline=\"icon-envelope\" css=\".vc_custom_1589851204884{margin-bottom: 10px !important;}\"][vc_column_text css=\".vc_custom_1589850167009{margin-bottom: 15px !important;}\"] Consultas generales [\/vc_column_text][vc_column_text css=\".vc_custom_1646459440014{margin-bottom: 20px !important;}\"]Para obtener m\u00e1s informaci\u00f3n sobre nuestras experiencias de estilo y compra, comun\u00edquese con:[\/vc_column_text][vc_empty_space][vc_column_text\u2026","rel":"","context":"Similar post","block_context":{"text":"Similar post","link":""},"img":{"alt_text":"","src":"","width":0,"height":0},"classes":[]},{"id":11046,"url":"https:\/\/thefashiontourismsociety.com\/es\/la-sociedad-de-turismo-de-moda\/","url_meta":{"origin":11693,"position":4},"title":"La Sociedad de Turismo de Moda","author":"styladmin","date":"Novembro 7, 2017","format":false,"excerpt":"[vc_row full_width=\"stretch_row_content_no_spaces\" full_height=\"yes\" video_bckgr_url=\"https:\/\/www.youtube.com\/watch?v=OUU2hoo3r4g\" video_bckgr_start=\"0\" video_bckgr_end=\"0:26\" general_row_align=\"rigid-align-center\" fixed_background=\"yes\" css=\".vc_custom_1737508198365{margin-right: 0px !important;margin-bottom: 0px !important;margin-left: 0px !important;padding-top: 150px !important;padding-bottom: 150px !important;}\"][vc_column video_bg=\"yes\" video_bg_url=\"https:\/\/www.youtube.com\/watch?v=OUU2hoo3r4g\"][vc_empty_space][vc_empty_space][vc_empty_space][vc_empty_space][vc_empty_space][vc_custom_heading text=\"Experiencias de turismo de moda\" font_container=\"tag:h4|font_size:55px|text_align:center|color:%23ffffff|line_height:1\" use_theme_fonts=\"yes\"][vc_custom_heading text=\"\" font_container=\"tag:h4|font_size:55px|text_align:center|color:%23ffffff|line_height:1\" use_theme_fonts=\"yes\"][vc_custom_heading text=\"Moda local, tours de compras y experiencias\" font_container=\"tag:h6|font_size:22px|text_align:center|color:%23ffffff\" use_theme_fonts=\"yes\"][vc_empty_space][vc_empty_space][vc_empty_space][vc_empty_space][vc_btn title=\"Reserva tu pr\u00f3xima experiencia\" style=\"custom\" custom_background=\"#333333\" custom_text=\"#ffffff\" shape=\"square\" link=\"url:https%3A%2F%2Fthefashiontourismsociety.com%2Fshopping-tours%2F|\"][vc_empty_space][vc_empty_space][vc_empty_space][\/vc_column][\/vc_row][vc_row full_width=\"stretch_row\"\u2026","rel":"","context":"Similar post","block_context":{"text":"Similar post","link":""},"img":{"alt_text":"","src":"","width":0,"height":0},"classes":[]},{"id":5598,"url":"https:\/\/thefashiontourismsociety.com\/fr\/contactez-nous\/","url_meta":{"origin":11693,"position":5},"title":"Contactez Nous","author":"styladmin","date":"Maio 30, 2017","format":false,"excerpt":"[vc_row full_width=\"stretch_row\" css=\".vc_custom_1503249677753{margin-bottom: 0px !important;padding-top: 50px !important;padding-bottom: 80px !important;background-color: #ffffff !important;}\"][vc_column][vc_row_inner css=\".vc_custom_1503227787607{margin-bottom: 80px !important;border-bottom-width: 1px !important;padding-bottom: 80px !important;border-bottom-color: #f1f1f1 !important;border-bottom-style: solid !important;}\"][vc_column_inner width=\"1\/3\"][vc_icon type=\"etline\" color=\"grey\" icon_etline=\"icon-envelope\" css=\".vc_custom_1589851204884{margin-bottom: 10px !important;}\"][vc_column_text css=\".vc_custom_1589850167009{margin-bottom: 15px !important;}\"] Requ\u00eates G\u00e9n\u00e9rales [\/vc_column_text][vc_column_text css=\".vc_custom_1646459492248{margin-bottom: 20px !important;}\"]Pour plus d'informations sur nos services de stylisme et nos exp\u00e9riences shopping, veuillez\u2026","rel":"","context":"Similar post","block_context":{"text":"Similar post","link":""},"img":{"alt_text":"","src":"","width":0,"height":0},"classes":[]}],"jetpack_sharing_enabled":true,"post_mailing_queue_ids":[],"_links":{"self":[{"href":"https:\/\/thefashiontourismsociety.com\/pt-pt\/wp-json\/wp\/v2\/pages\/11693","targetHints":{"allow":["GET"]}}],"collection":[{"href":"https:\/\/thefashiontourismsociety.com\/pt-pt\/wp-json\/wp\/v2\/pages"}],"about":[{"href":"https:\/\/thefashiontourismsociety.com\/pt-pt\/wp-json\/wp\/v2\/types\/page"}],"author":[{"embeddable":true,"href":"https:\/\/thefashiontourismsociety.com\/pt-pt\/wp-json\/wp\/v2\/users\/1"}],"replies":[{"embeddable":true,"href":"https:\/\/thefashiontourismsociety.com\/pt-pt\/wp-json\/wp\/v2\/comments?post=11693"}],"version-history":[{"count":3,"href":"https:\/\/thefashiontourismsociety.com\/pt-pt\/wp-json\/wp\/v2\/pages\/11693\/revisions"}],"predecessor-version":[{"id":11716,"href":"https:\/\/thefashiontourismsociety.com\/pt-pt\/wp-json\/wp\/v2\/pages\/11693\/revisions\/11716"}],"wp:attachment":[{"href":"https:\/\/thefashiontourismsociety.com\/pt-pt\/wp-json\/wp\/v2\/media?parent=11693"}],"curies":[{"name":"wp","href":"https:\/\/api.w.org\/{rel}","templated":true}]}}