{"id":10988,"date":"2017-05-30T10:35:05","date_gmt":"2017-05-30T14:35:05","guid":{"rendered":"https:\/\/thefashiontourismsociety.com\/contattaci\/"},"modified":"2025-03-15T20:47:50","modified_gmt":"2025-03-16T00:47:50","slug":"contattaci","status":"publish","type":"page","link":"https:\/\/thefashiontourismsociety.com\/it\/contattaci\/","title":{"rendered":"Contattaci"},"content":{"rendered":"<div class=\"wpb-content-wrapper\"><p>[vc_row full_width=&#8221;stretch_row&#8221; css=&#8221;.vc_custom_1503249677753{margin-bottom: 0px !important;padding-top: 50px !important;padding-bottom: 80px !important;background-color: #ffffff !important;}&#8221;][vc_column][vc_row_inner css=&#8221;.vc_custom_1503227787607{margin-bottom: 80px !important;border-bottom-width: 1px !important;padding-bottom: 80px !important;border-bottom-color: #f1f1f1 !important;border-bottom-style: solid !important;}&#8221;][vc_column_inner width=&#8221;1\/3&#8243;][vc_icon type=&#8221;etline&#8221; color=&#8221;grey&#8221; icon_etline=&#8221;icon-envelope&#8221; css=&#8221;.vc_custom_1589851204884{margin-bottom: 10px !important;}&#8221;][vc_column_text css=&#8221;.vc_custom_1589850167009{margin-bottom: 15px !important;}&#8221;]<\/p>\n<h5>Richieste generali<\/h5>\n<p>[\/vc_column_text][vc_column_text css=&#8221;.vc_custom_1646459440014{margin-bottom: 20px !important;}&#8221;]Per maggiori informazioni sulle nostre esperienze di styling e di shopping, contattaci:[\/vc_column_text][vc_empty_space][vc_column_text css=&#8221;.vc_custom_1638373458926{margin-bottom: 35px !important;}&#8221;]contact@thefashiontourismsociety.com[\/vc_column_text][\/vc_column_inner][vc_column_inner width=&#8221;1\/3&#8243;][vc_icon type=&#8221;etline&#8221; color=&#8221;grey&#8221; icon_etline=&#8221;icon-puzzle&#8221; css=&#8221;.vc_custom_1589851266023{margin-bottom: 10px !important;}&#8221;][vc_column_text css=&#8221;.vc_custom_1589848046144{margin-bottom: 15px !important;}&#8221;]<\/p>\n<h5>Richieste di partnership<\/h5>\n<p>[\/vc_column_text][vc_column_text css=&#8221;.vc_custom_1589848079500{margin-bottom: 20px !important;}&#8221;]Per ulteriori informazioni su partnership e collaborazioni, contattaci:[\/vc_column_text][vc_empty_space][vc_column_text css=&#8221;.vc_custom_1638373437415{margin-bottom: 35px !important;}&#8221;]partnerships@thefashiontourismsociety.com[\/vc_column_text][\/vc_column_inner][vc_column_inner width=&#8221;1\/3&#8243;][vc_icon type=&#8221;etline&#8221; color=&#8221;grey&#8221; icon_etline=&#8221;icon-newspaper&#8221; css=&#8221;.vc_custom_1503249697786{margin-bottom: 10px !important;}&#8221;][vc_column_text css=&#8221;.vc_custom_1503218343345{margin-bottom: 15px !important;}&#8221;]<\/p>\n<h5>Richieste di informazioni alla stampa<\/h5>\n<p>[\/vc_column_text][vc_column_text css=&#8221;.vc_custom_1646459656265{margin-bottom: 20px !important;}&#8221;]Se sei un membro della stampa e vuoi parlare con noi, contattaci:[\/vc_column_text][vc_empty_space][vc_column_text css=&#8221;.vc_custom_1638373482459{margin-bottom: 35px !important;}&#8221;]press@thefashiontourismsociety.com[\/vc_column_text][\/vc_column_inner][\/vc_row_inner][vc_row_inner disable_element=&#8221;yes&#8221;][vc_column_inner width=&#8221;1\/2&#8243;]\t\t\t<div id=\"holder_rigid_contactform69ea405b74917\" class=\"rigid-contacts-holder rigid-contacts-shortcode\" >\r\n\t\t\t\t\t\t\t\t<form action=\"https:\/\/thefashiontourismsociety.com\/wp-admin\/admin-ajax.php\" method=\"post\" class=\"contact-form\">\n\t\t\t<div class=\"content rigid_name\"> <span>Your Name:<\/span>\n\t\t\t<input type=\"text\" value=\"\" name=\"rigid_name\" \/>\n\t\t\t\t\t<\/div>\n\n\t\t\t\t<div class=\"content rigid_email\"> <span>E-Mail Address:<\/span>\n\t\t\t<input type=\"text\" value=\"\" name=\"rigid_email\" \/>\n\t\t\t\t\t<\/div>\n\t\t\t\t<div class=\"content rigid_phone\"> <span>Phone:<\/span>\n\t\t\t<input type=\"text\" value=\"\" name=\"rigid_phone\" \/>\n\t\t\t\t\t<\/div>\n\t\t\t\t<div class=\"content rigid_enquiry\"> <span>Message Text:<\/span>\n\t\t<textarea style=\"width: 99%;\" rows=\"10\" cols=\"40\" name=\"rigid_enquiry\"><\/textarea>\n\t\t\t<\/div>\n\t\t\t\t\t<div class=\"content rigid_form_test\">\n\t\t\tProve you&#039;re a human: <span class=constant>1<\/span> + <span class=random>2<\/span> = ? <input type=\"text\" value=\"\" name=\"rigid_captcha_answer\" \/>\n\t\t<\/div>\n\t\t\t\t\t<div class=\"buttons\">\n\t\t<input type=\"hidden\" name=\"rigid_contact_submitted\" value=\"2\">\n\t\t<input type=\"hidden\" name=\"shortcode_params_for_tpl\" value=\"{&quot;rigid_title&quot;:&quot;&quot;,&quot;rigid_contact_mail_to&quot;:&quot;example@example.com&quot;,&quot;rigid_simple_captcha&quot;:&quot;1&quot;,&quot;rigid_contact_form_fields&quot;:&quot;name,email,phone&quot;}\">\n\t\t<div class=\"left\"><input class=\"button button-orange\" value=\"Send message\" type=\"submit\"><\/div>\n\t<\/div>\n<\/form>\n\t\t\t<\/div>\r\n\t\t\t[\/vc_column_inner][vc_column_inner width=&#8221;1\/2&#8243;]\t\t\t\t<div class=\"rigid-google-maps rigid-map-shortcode\">\r\n\t\t\t\t\t<div id=\"map_canvas69ea405b74a95\" class=\"map_canvas\" style=\"width:100%; height:630px\"><\/div>\r\n\t\t\t\t\t<div class=\"directions_holder\">\r\n\t\t\t\t\t\t<h4><i class=\"fa fa-map-marker\"><\/i> Get Directions<\/h4>\r\n\t\t\t\t\t\t<p>Fill in your address or zipcode to calculate the route<\/p>\r\n\t\t\t\t\t\t<form action=\"\" align=\"right\" onSubmit=\"calcRoute('routeStart69ea405b74a96', '40.869127', '-74.053173', 'map_canvas69ea405b74a95');\r\n\t\t\t\t\t\t\t\t\t\t\treturn false;\">\r\n\t\t\t\t\t\t\t<input type=\"text\" id=\"routeStart69ea405b74a96\" value=\"\" placeholder=\"Address or postcode\" style=\"margin-top:3px\"><br \/><br \/>\r\n\t\t\t\t\t\t\t<input type=\"submit\" value=\"Calculate route\" class=\"button\" onclick=\"calcRoute('routeStart69ea405b74a96', '40.869127', '-74.053173', 'map_canvas69ea405b74a95');\r\n\t\t\t\t\t\t\t\t\t\t\t\treturn false;\" \/>\r\n\t\t\t\t\t\t<\/form>\r\n\t\t\t\t\t<\/div>\r\n\t\t\t\t<\/div>\r\n\r\n\t\t\t\t[\/vc_column_inner][\/vc_row_inner][\/vc_column][\/vc_row]<\/p>\n<\/div>","protected":false},"excerpt":{"rendered":"<p>[vc_row full_width=&#8221;stretch_row&#8221; css=&#8221;.vc_custom_1503249677753{margin-bottom: 0px !important;padding-top: 50px !important;padding-bottom: 80px !important;background-color: #ffffff !important;}&#8221;][vc_column][vc_row_inner css=&#8221;.vc_custom_1503227787607{margin-bottom: 80px !important;border-bottom-width: 1px !important;padding-bottom: 80px !important;border-bottom-color: #f1f1f1 !important;border-bottom-style: solid !important;}&#8221;][vc_column_inner width=&#8221;1\/3&#8243;][vc_icon type=&#8221;etline&#8221; color=&#8221;grey&#8221; icon_etline=&#8221;icon-envelope&#8221; css=&#8221;.vc_custom_1589851204884{margin-bottom: 10px !important;}&#8221;][vc_column_text css=&#8221;.vc_custom_1589850167009{margin-bottom: 15px !important;}&#8221;] Richieste generali [\/vc_column_text][vc_column_text css=&#8221;.vc_custom_1646459440014{margin-bottom: 20px !important;}&#8221;]Per maggiori informazioni sulle nostre esperienze di styling e di shopping, contattaci:[\/vc_column_text][vc_empty_space][vc_column_text css=&#8221;.vc_custom_1638373458926{margin-bottom: 35px !important;}&#8221;]contact@thefashiontourismsociety.com[\/vc_column_text][\/vc_column_inner][vc_column_inner width=&#8221;1\/3&#8243;][vc_icon type=&#8221;etline&#8221; color=&#8221;grey&#8221; &#8230;<a class=\"r_more_blog\" href=\"https:\/\/thefashiontourismsociety.com\/it\/contattaci\/#more-10988\"><i class=\"fa fa-sign-in\"><\/i> read more<\/a><\/p>\n","protected":false},"author":1,"featured_media":0,"parent":0,"menu_order":0,"comment_status":"closed","ping_status":"closed","template":"","meta":{"om_disable_all_campaigns":false,"_monsterinsights_skip_tracking":false,"_monsterinsights_sitenote_active":false,"_monsterinsights_sitenote_note":"","_monsterinsights_sitenote_category":0,"_uf_show_specific_survey":0,"_uf_disable_surveys":false,"footnotes":""},"class_list":["post-10988","page","type-page","status-publish","hentry"],"yoast_head":"<!-- This site is optimized with the Yoast SEO plugin v27.2 - https:\/\/yoast.com\/product\/yoast-seo-wordpress\/ -->\n<title>Contattaci - The Fashion Tourism Society<\/title>\n<meta name=\"robots\" content=\"index, follow, max-snippet:-1, max-image-preview:large, max-video-preview:-1\" \/>\n<link rel=\"canonical\" href=\"https:\/\/thefashiontourismsociety.com\/it\/contattaci\/\" \/>\n<meta property=\"og:locale\" content=\"it_IT\" \/>\n<meta property=\"og:type\" content=\"article\" \/>\n<meta property=\"og:title\" content=\"Contattaci - The Fashion Tourism Society\" \/>\n<meta property=\"og:description\" content=\"[vc_row full_width=&#8221;stretch_row&#8221; css=&#8221;.vc_custom_1503249677753{margin-bottom: 0px !important;padding-top: 50px !important;padding-bottom: 80px !important;background-color: #ffffff !important;}&#8221;][vc_column][vc_row_inner css=&#8221;.vc_custom_1503227787607{margin-bottom: 80px !important;border-bottom-width: 1px !important;padding-bottom: 80px !important;border-bottom-color: #f1f1f1 !important;border-bottom-style: solid !important;}&#8221;][vc_column_inner width=&#8221;1\/3&#8243;][vc_icon type=&#8221;etline&#8221; color=&#8221;grey&#8221; icon_etline=&#8221;icon-envelope&#8221; css=&#8221;.vc_custom_1589851204884{margin-bottom: 10px !important;}&#8221;][vc_column_text css=&#8221;.vc_custom_1589850167009{margin-bottom: 15px !important;}&#8221;] Richieste generali [\/vc_column_text][vc_column_text css=&#8221;.vc_custom_1646459440014{margin-bottom: 20px !important;}&#8221;]Per maggiori informazioni sulle nostre esperienze di styling e di shopping, contattaci:[\/vc_column_text][vc_empty_space][vc_column_text css=&#8221;.vc_custom_1638373458926{margin-bottom: 35px !important;}&#8221;]contact@thefashiontourismsociety.com[\/vc_column_text][\/vc_column_inner][vc_column_inner width=&#8221;1\/3&#8243;][vc_icon type=&#8221;etline&#8221; color=&#8221;grey&#8221; ... read more\" \/>\n<meta property=\"og:url\" content=\"https:\/\/thefashiontourismsociety.com\/it\/contattaci\/\" \/>\n<meta property=\"og:site_name\" content=\"The Fashion Tourism Society\" \/>\n<meta property=\"article:modified_time\" content=\"2025-03-16T00:47:50+00:00\" \/>\n<meta name=\"twitter:card\" content=\"summary_large_image\" \/>\n<meta name=\"twitter:label1\" content=\"Tempo di lettura stimato\" \/>\n\t<meta name=\"twitter:data1\" content=\"2 minuti\" \/>\n<!-- \/ Yoast SEO plugin. -->","yoast_head_json":{"title":"Contattaci - The Fashion Tourism Society","robots":{"index":"index","follow":"follow","max-snippet":"max-snippet:-1","max-image-preview":"max-image-preview:large","max-video-preview":"max-video-preview:-1"},"canonical":"https:\/\/thefashiontourismsociety.com\/it\/contattaci\/","og_locale":"it_IT","og_type":"article","og_title":"Contattaci - The Fashion Tourism Society","og_description":"[vc_row full_width=&#8221;stretch_row&#8221; css=&#8221;.vc_custom_1503249677753{margin-bottom: 0px !important;padding-top: 50px !important;padding-bottom: 80px !important;background-color: #ffffff !important;}&#8221;][vc_column][vc_row_inner css=&#8221;.vc_custom_1503227787607{margin-bottom: 80px !important;border-bottom-width: 1px !important;padding-bottom: 80px !important;border-bottom-color: #f1f1f1 !important;border-bottom-style: solid !important;}&#8221;][vc_column_inner width=&#8221;1\/3&#8243;][vc_icon type=&#8221;etline&#8221; color=&#8221;grey&#8221; icon_etline=&#8221;icon-envelope&#8221; css=&#8221;.vc_custom_1589851204884{margin-bottom: 10px !important;}&#8221;][vc_column_text css=&#8221;.vc_custom_1589850167009{margin-bottom: 15px !important;}&#8221;] Richieste generali [\/vc_column_text][vc_column_text css=&#8221;.vc_custom_1646459440014{margin-bottom: 20px !important;}&#8221;]Per maggiori informazioni sulle nostre esperienze di styling e di shopping, contattaci:[\/vc_column_text][vc_empty_space][vc_column_text css=&#8221;.vc_custom_1638373458926{margin-bottom: 35px !important;}&#8221;]contact@thefashiontourismsociety.com[\/vc_column_text][\/vc_column_inner][vc_column_inner width=&#8221;1\/3&#8243;][vc_icon type=&#8221;etline&#8221; color=&#8221;grey&#8221; ... read more","og_url":"https:\/\/thefashiontourismsociety.com\/it\/contattaci\/","og_site_name":"The Fashion Tourism Society","article_modified_time":"2025-03-16T00:47:50+00:00","twitter_card":"summary_large_image","twitter_misc":{"Tempo di lettura stimato":"2 minuti"},"schema":{"@context":"https:\/\/schema.org","@graph":[{"@type":"WebPage","@id":"https:\/\/thefashiontourismsociety.com\/it\/contattaci\/","url":"https:\/\/thefashiontourismsociety.com\/it\/contattaci\/","name":"Contattaci - The Fashion Tourism Society","isPartOf":{"@id":"https:\/\/thefashiontourismsociety.com\/#website"},"datePublished":"2017-05-30T14:35:05+00:00","dateModified":"2025-03-16T00:47:50+00:00","breadcrumb":{"@id":"https:\/\/thefashiontourismsociety.com\/it\/contattaci\/#breadcrumb"},"inLanguage":"it-IT","potentialAction":[{"@type":"ReadAction","target":["https:\/\/thefashiontourismsociety.com\/it\/contattaci\/"]}]},{"@type":"BreadcrumbList","@id":"https:\/\/thefashiontourismsociety.com\/it\/contattaci\/#breadcrumb","itemListElement":[{"@type":"ListItem","position":1,"name":"Home","item":"https:\/\/thefashiontourismsociety.com\/it\/la-societa-del-turismo-della-moda\/"},{"@type":"ListItem","position":2,"name":"Contattaci"}]},{"@type":"WebSite","@id":"https:\/\/thefashiontourismsociety.com\/#website","url":"https:\/\/thefashiontourismsociety.com\/","name":"The Fashion Tourism Society","description":"Explore The World Through Its Fashions","potentialAction":[{"@type":"SearchAction","target":{"@type":"EntryPoint","urlTemplate":"https:\/\/thefashiontourismsociety.com\/?s={search_term_string}"},"query-input":{"@type":"PropertyValueSpecification","valueRequired":true,"valueName":"search_term_string"}}],"inLanguage":"it-IT"}]}},"jetpack-related-posts":[{"id":14,"url":"https:\/\/thefashiontourismsociety.com\/contacts\/","url_meta":{"origin":10988,"position":0},"title":"Contact Us","author":"styladmin","date":"Maggio 30, 2017","format":false,"excerpt":"[vc_row full_width=\"stretch_row\" css=\".vc_custom_1503249677753{margin-bottom: 0px !important;padding-top: 50px !important;padding-bottom: 80px !important;background-color: #ffffff !important;}\"][vc_column][vc_row_inner css=\".vc_custom_1503227787607{margin-bottom: 80px !important;border-bottom-width: 1px !important;padding-bottom: 80px !important;border-bottom-color: #f1f1f1 !important;border-bottom-style: solid !important;}\"][vc_column_inner width=\"1\/3\"][vc_icon type=\"etline\" color=\"grey\" icon_etline=\"icon-envelope\" css=\".vc_custom_1589851204884{margin-bottom: 10px !important;}\"][vc_column_text css=\".vc_custom_1589850167009{margin-bottom: 15px !important;}\"] General Inquiries [\/vc_column_text][vc_column_text css=\".vc_custom_1646459440014{margin-bottom: 20px !important;}\"]For more information regarding our styling and shopping experiences, please contact:[\/vc_column_text][vc_empty_space][vc_column_text css=\".vc_custom_1638373458926{margin-bottom: 35px\u2026","rel":"","context":"Articolo simile","block_context":{"text":"Articolo simile","link":""},"img":{"alt_text":"","src":"","width":0,"height":0},"classes":[]},{"id":2893,"url":"https:\/\/thefashiontourismsociety.com\/coming-soon\/","url_meta":{"origin":10988,"position":1},"title":"Coming Soon","author":"styladmin","date":"Agosto 3, 2017","format":false,"excerpt":"[vc_row full_width=\"stretch_row\" full_height=\"yes\" general_row_align=\"rigid-align-center\" css=\".vc_custom_1508070950414{margin-bottom: 0px !important;padding-top: 80px !important;padding-bottom: 80px !important;background: #333333 url(https:\/\/stylefiller.com\/wp-content\/uploads\/2017\/05\/grey_hero.jpg?id=4282) !important;background-position: center !important;background-repeat: no-repeat !important;background-size: cover !important;}\"][vc_column][vc_column_text css=\".vc_custom_1503259266532{margin-bottom: 0px !important;}\"] New Collection [\/vc_column_text][vc_single_image image=\"3347\" img_size=\"full\" alignment=\"center\" css=\".vc_custom_1503259273648{margin-bottom: 20px !important;}\"][vc_btn title=\"Back To Homepage\" style=\"custom\" custom_background=\"#333333\" custom_text=\"#ffffff\" shape=\"square\" link=\"url:%23|||\" css=\".vc_custom_1508071053619{margin-top: 40px !important;}\"][vc_btn title=\"Continue Shopping\" style=\"custom\" custom_background=\"#ffffff\" custom_text=\"#c2a693\" shape=\"square\" link=\"url:%23|||\"\u2026","rel":"","context":"Articolo simile","block_context":{"text":"Articolo simile","link":""},"img":{"alt_text":"","src":"","width":0,"height":0},"classes":[]},{"id":11178,"url":"https:\/\/thefashiontourismsociety.com\/es\/contacta-con-nosotros\/","url_meta":{"origin":10988,"position":2},"title":"Contacta con nosotros","author":"styladmin","date":"Maggio 30, 2017","format":false,"excerpt":"[vc_row full_width=\"stretch_row\" css=\".vc_custom_1503249677753{margin-bottom: 0px !important;padding-top: 50px !important;padding-bottom: 80px !important;background-color: #ffffff !important;}\"][vc_column][vc_row_inner css=\".vc_custom_1503227787607{margin-bottom: 80px !important;border-bottom-width: 1px !important;padding-bottom: 80px !important;border-bottom-color: #f1f1f1 !important;border-bottom-style: solid !important;}\"][vc_column_inner width=\"1\/3\"][vc_icon type=\"etline\" color=\"grey\" icon_etline=\"icon-envelope\" css=\".vc_custom_1589851204884{margin-bottom: 10px !important;}\"][vc_column_text css=\".vc_custom_1589850167009{margin-bottom: 15px !important;}\"] Consultas generales [\/vc_column_text][vc_column_text css=\".vc_custom_1646459440014{margin-bottom: 20px !important;}\"]Para obtener m\u00e1s informaci\u00f3n sobre nuestras experiencias de estilo y compra, comun\u00edquese con:[\/vc_column_text][vc_empty_space][vc_column_text\u2026","rel":"","context":"Articolo simile","block_context":{"text":"Articolo simile","link":""},"img":{"alt_text":"","src":"","width":0,"height":0},"classes":[]},{"id":11804,"url":"https:\/\/thefashiontourismsociety.com\/pt-pt\/contate-nos\/","url_meta":{"origin":10988,"position":3},"title":"Contate-nos","author":"styladmin","date":"Maggio 30, 2017","format":false,"excerpt":"[vc_row full_width=\"stretch_row\" css=\".vc_custom_1503249677753{margin-bottom: 0px !important;padding-top: 50px !important;padding-bottom: 80px !important;background-color: #ffffff !important;}\"][vc_column][vc_row_inner css=\".vc_custom_1503227787607{margin-bottom: 80px !important;border-bottom-width: 1px !important;padding-bottom: 80px !important;border-bottom-color: #f1f1f1 !important;border-bottom-style: solid !important;}\"][vc_column_inner width=\"1\/3\"][vc_icon type=\"etline\" color=\"grey\" icon_etline=\"icon-envelope\" css=\".vc_custom_1589851204884{margin-bottom: 10px !important;}\"][vc_column_text css=\".vc_custom_1589850167009{margin-bottom: 15px !important;}\"] Consultas Gerais [\/vc_column_text][vc_column_text css=\".vc_custom_1646459440014{margin-bottom: 20px !important;}\"]Para mais informa\u00e7\u00f5es sobre o nosso estilo e experi\u00eancias de compra, por favor\u2026","rel":"","context":"Articolo simile","block_context":{"text":"Articolo simile","link":""},"img":{"alt_text":"","src":"","width":0,"height":0},"classes":[]},{"id":5598,"url":"https:\/\/thefashiontourismsociety.com\/fr\/contactez-nous\/","url_meta":{"origin":10988,"position":4},"title":"Contactez Nous","author":"styladmin","date":"Maggio 30, 2017","format":false,"excerpt":"[vc_row full_width=\"stretch_row\" css=\".vc_custom_1503249677753{margin-bottom: 0px !important;padding-top: 50px !important;padding-bottom: 80px !important;background-color: #ffffff !important;}\"][vc_column][vc_row_inner css=\".vc_custom_1503227787607{margin-bottom: 80px !important;border-bottom-width: 1px !important;padding-bottom: 80px !important;border-bottom-color: #f1f1f1 !important;border-bottom-style: solid !important;}\"][vc_column_inner width=\"1\/3\"][vc_icon type=\"etline\" color=\"grey\" icon_etline=\"icon-envelope\" css=\".vc_custom_1589851204884{margin-bottom: 10px !important;}\"][vc_column_text css=\".vc_custom_1589850167009{margin-bottom: 15px !important;}\"] Requ\u00eates G\u00e9n\u00e9rales [\/vc_column_text][vc_column_text css=\".vc_custom_1646459492248{margin-bottom: 20px !important;}\"]Pour plus d'informations sur nos services de stylisme et nos exp\u00e9riences shopping, veuillez\u2026","rel":"","context":"Articolo simile","block_context":{"text":"Articolo simile","link":""},"img":{"alt_text":"","src":"","width":0,"height":0},"classes":[]},{"id":11172,"url":"https:\/\/thefashiontourismsociety.com\/ar\/%d8%a7%d8%aa%d8%b5%d9%84-%d8%a8%d9%86%d8%a7\/","url_meta":{"origin":10988,"position":5},"title":"\u0627\u062a\u0635\u0644 \u0628\u0646\u0627","author":"styladmin","date":"Maggio 30, 2017","format":false,"excerpt":"[vc_row full_width=\"stretch_row\" css=\".vc_custom_1503249677753{margin-bottom: 0px !important;padding-top: 50px !important;padding-bottom: 80px !important;background-color: #ffffff !important;}\"][vc_column][vc_row_inner css=\".vc_custom_1503227787607{margin-bottom: 80px !important;border-bottom-width: 1px !important;padding-bottom: 80px !important;border-bottom-color: #f1f1f1 !important;border-bottom-style: solid !important;}\"][vc_column_inner width=\"1\/3\"][vc_icon type=\"etline\" color=\"grey\" icon_etline=\"icon-envelope\" css=\".vc_custom_1589851204884{margin-bottom: 10px !important;}\"][vc_column_text css=\".vc_custom_1589850167009{margin-bottom: 15px !important;}\"] \u0627\u0633\u062a\u0641\u0633\u0627\u0631\u0627\u062a \u0639\u0627\u0645\u0629 [\/vc_column_text][vc_column_text css=\".vc_custom_1646459440014{margin-bottom: 20px !important;}\"]\u0644\u0645\u0632\u064a\u062f \u0645\u0646 \u0627\u0644\u0645\u0639\u0644\u0648\u0645\u0627\u062a \u062d\u0648\u0644 \u062a\u062c\u0627\u0631\u0628\u0646\u0627 \u0641\u064a \u0627\u0644\u062a\u0635\u0645\u064a\u0645 \u0648\u0627\u0644\u062a\u0633\u0648\u0642\u060c \u064a\u0631\u062c\u0649 \u0627\u0644\u0627\u062a\u0635\u0627\u0644 \u0628\u0640:[\/vc_column_text][vc_empty_space][vc_column_text css=\".vc_custom_1638373458926{margin-bottom: 35px\u2026","rel":"","context":"Articolo simile","block_context":{"text":"Articolo simile","link":""},"img":{"alt_text":"","src":"","width":0,"height":0},"classes":[]}],"jetpack_sharing_enabled":true,"post_mailing_queue_ids":[],"_links":{"self":[{"href":"https:\/\/thefashiontourismsociety.com\/it\/wp-json\/wp\/v2\/pages\/10988","targetHints":{"allow":["GET"]}}],"collection":[{"href":"https:\/\/thefashiontourismsociety.com\/it\/wp-json\/wp\/v2\/pages"}],"about":[{"href":"https:\/\/thefashiontourismsociety.com\/it\/wp-json\/wp\/v2\/types\/page"}],"author":[{"embeddable":true,"href":"https:\/\/thefashiontourismsociety.com\/it\/wp-json\/wp\/v2\/users\/1"}],"replies":[{"embeddable":true,"href":"https:\/\/thefashiontourismsociety.com\/it\/wp-json\/wp\/v2\/comments?post=10988"}],"version-history":[{"count":2,"href":"https:\/\/thefashiontourismsociety.com\/it\/wp-json\/wp\/v2\/pages\/10988\/revisions"}],"predecessor-version":[{"id":10990,"href":"https:\/\/thefashiontourismsociety.com\/it\/wp-json\/wp\/v2\/pages\/10988\/revisions\/10990"}],"wp:attachment":[{"href":"https:\/\/thefashiontourismsociety.com\/it\/wp-json\/wp\/v2\/media?parent=10988"}],"curies":[{"name":"wp","href":"https:\/\/api.w.org\/{rel}","templated":true}]}}