{"id":10964,"date":"2017-08-03T07:03:35","date_gmt":"2017-08-03T11:03:35","guid":{"rendered":"https:\/\/thefashiontourismsociety.com\/chi-siamo\/"},"modified":"2025-03-15T20:47:06","modified_gmt":"2025-03-16T00:47:06","slug":"chi-siamo","status":"publish","type":"page","link":"https:\/\/thefashiontourismsociety.com\/it\/chi-siamo\/","title":{"rendered":"Chi siamo"},"content":{"rendered":"<div class=\"wpb-content-wrapper\"><p>[vc_row full_width=&#8221;stretch_row&#8221; content_placement=&#8221;middle&#8221; css=&#8221;.vc_custom_1503215870640{margin-bottom: 0px !important;padding-top: 80px !important;padding-bottom: 80px !important;}&#8221;][vc_column width=&#8221;1\/2&#8243;][vc_single_image image=&#8221;10971&#8243; img_size=&#8221;566\u0445613&#8243; css_animation=&#8221;appear&#8221;][\/vc_column][vc_column width=&#8221;1\/2&#8243;][vc_column_text]<\/p>\n<h3>La Fashion Tourism Society offre avventure di moda sotto forma di tour di shopping e una variet\u00e0 di altri servizi di shopping. I nostri stilisti professionisti e la nostra competenza in fatto di moda ci rendono la tua guida definitiva per lo shopping, per personalizzare l&#8217;esperienza di shopping perfetta in base al tuo stile e alle tue preferenze. <\/h3>\n<p>[\/vc_column_text][vc_column_text]<\/p>\n<h6>\n            <span style=\"color: #999999;\">Crediamo che la moda sia una forma d&#8217;arte.<\/span><br \/>\n          <\/h6>\n<h6>\n            <span style=\"color: #999999;\">Consideriamo lo stile un mezzo di espressione fondamentale.<\/span><br \/>\n          <\/h6>\n<h6>\n            <span style=\"color: #999999;\">E viviamo per avventure di shopping basate sull&#8217;esperienza.<\/span><br \/>\n          <\/h6>\n<p>[\/vc_column_text][vc_column_text]<\/p>\n<h5>Esploriamo insieme le citt\u00e0 attraverso la loro moda!<\/h5>\n<p>[\/vc_column_text][\/vc_column][\/vc_row][vc_row full_width=&#8221;stretch_row&#8221; css=&#8221;.vc_custom_1505632520861{margin-bottom: 0px !important;padding-top: 80px !important;padding-bottom: 80px !important;background-color: #fafafa !important;}&#8221;][vc_column width=&#8221;1\/3&#8243;][vc_column_text]<\/p>\n<h5>La nostra storia.<\/h5>\n<p>[\/vc_column_text][vc_column_text]La Fashion Tourism Society \u00e8 nata dal desiderio di elevare le esperienze di shopping attraverso la condivisione di storie di moda belle e multidimensionali da tutto il mondo e lo shopping con un esperto di stile per esperienze uniche e ricordi indimenticabili.[\/vc_column_text][\/vc_column][vc_column width=&#8221;1\/3&#8243;][vc_column_text]<\/p>\n<h5>La nostra missione.<\/h5>\n<p>[\/vc_column_text][vc_column_text]La nostra missione \u00e8 creare un mondo parallelo durante lo shopping. Un mondo in cui aiutiamo gli ospiti a sentirsi fantastici mentre scoprono boutique e citt\u00e0 raccontate dalle loro storie di moda e mentre attingono ai loro super poteri di moda e stile con la loro madrina del traghetto della moda.[\/vc_column_text][\/vc_column][vc_column width=&#8221;1\/3&#8243;][vc_column_text]<\/p>\n<h5>I nostri valori.<\/h5>\n<p>[\/vc_column_text][vc_column_text]Rispetto. Diamo valore all&#8217;apertura, all&#8217;empatia e alla gentilezza.<br \/>\nCreativit\u00e0. Ci piace creare arte con la moda.<br \/>\nComunit\u00e0. Supportiamo i creatori e le comunit\u00e0 locali.<br \/>\nPensiero lungimirante. Non crediamo negli schemi.<br \/>\nProfessionalit\u00e0. Operiamo con professionalit\u00e0.[\/vc_column_text][\/vc_column][\/vc_row][vc_row full_width=&#8221;stretch_row&#8221; content_placement=&#8221;middle&#8221; disable_element=&#8221;yes&#8221; css=&#8221;.vc_custom_1589845993746{margin-bottom: 0px !important;padding-top: 80px !important;padding-bottom: 80px !important;}&#8221;][vc_column width=&#8221;1\/2&#8243;][vc_column_text]<\/p>\n<h3>The Rigid Shop.<\/h3>\n<p>[\/vc_column_text][vc_column_text]<\/p>\n<h6>Consumption as a share of gross domestic product in China has fallen for six decades, from 76 percent in 1952 to 28 percent in 2011. China plans to reduce tariffs on a number of consumer goods and expand its 72-hour transit visa plan to more cities in an effort to stimulate domestic consumption. <\/h6>\n<p>[\/vc_column_text][vc_btn title=&#8221;Shop Now&#8221; style=&#8221;custom&#8221; custom_background=&#8221;#333333&#8243; custom_text=&#8221;#ffffff&#8221; shape=&#8221;square&#8221; link=&#8221;url:https%3A%2F%2Frigid.althemist.com%2Fshop%2F|&#8221;][\/vc_column][vc_column width=&#8221;1\/2&#8243;][vc_single_image image=&#8221;4328&#8243; img_size=&#8221;566\u0445613&#8243; alignment=&#8221;center&#8221; css_animation=&#8221;appear&#8221;][\/vc_column][\/vc_row]<\/p>\n<\/div>","protected":false},"excerpt":{"rendered":"<p>[vc_row full_width=&#8221;stretch_row&#8221; content_placement=&#8221;middle&#8221; css=&#8221;.vc_custom_1503215870640{margin-bottom: 0px !important;padding-top: 80px !important;padding-bottom: 80px !important;}&#8221;][vc_column width=&#8221;1\/2&#8243;][vc_single_image image=&#8221;10971&#8243; img_size=&#8221;566\u0445613&#8243; css_animation=&#8221;appear&#8221;][\/vc_column][vc_column width=&#8221;1\/2&#8243;][vc_column_text] La Fashion Tourism Society offre avventure di moda sotto forma di tour di shopping e una variet\u00e0 di altri servizi di shopping. I nostri stilisti professionisti e la nostra competenza in fatto di moda ci rendono la tua guida definitiva &#8230;<a class=\"r_more_blog\" href=\"https:\/\/thefashiontourismsociety.com\/it\/chi-siamo\/#more-10964\"><i class=\"fa fa-sign-in\"><\/i> read more<\/a><\/p>\n","protected":false},"author":1,"featured_media":0,"parent":0,"menu_order":0,"comment_status":"closed","ping_status":"closed","template":"","meta":{"om_disable_all_campaigns":false,"_monsterinsights_skip_tracking":false,"_monsterinsights_sitenote_active":false,"_monsterinsights_sitenote_note":"","_monsterinsights_sitenote_category":0,"_uf_show_specific_survey":0,"_uf_disable_surveys":false,"footnotes":""},"class_list":["post-10964","page","type-page","status-publish","hentry"],"yoast_head":"<!-- This site is optimized with the Yoast SEO plugin v27.2 - https:\/\/yoast.com\/product\/yoast-seo-wordpress\/ -->\n<title>Chi siamo - The Fashion Tourism Society<\/title>\n<meta name=\"robots\" content=\"index, follow, max-snippet:-1, max-image-preview:large, max-video-preview:-1\" \/>\n<link rel=\"canonical\" href=\"https:\/\/thefashiontourismsociety.com\/it\/chi-siamo\/\" \/>\n<meta property=\"og:locale\" content=\"it_IT\" \/>\n<meta property=\"og:type\" content=\"article\" \/>\n<meta property=\"og:title\" content=\"Chi siamo - The Fashion Tourism Society\" \/>\n<meta property=\"og:description\" content=\"[vc_row full_width=&#8221;stretch_row&#8221; content_placement=&#8221;middle&#8221; css=&#8221;.vc_custom_1503215870640{margin-bottom: 0px !important;padding-top: 80px !important;padding-bottom: 80px !important;}&#8221;][vc_column width=&#8221;1\/2&#8243;][vc_single_image image=&#8221;10971&#8243; img_size=&#8221;566\u0445613&#8243; css_animation=&#8221;appear&#8221;][\/vc_column][vc_column width=&#8221;1\/2&#8243;][vc_column_text] La Fashion Tourism Society offre avventure di moda sotto forma di tour di shopping e una variet\u00e0 di altri servizi di shopping. I nostri stilisti professionisti e la nostra competenza in fatto di moda ci rendono la tua guida definitiva ... read more\" \/>\n<meta property=\"og:url\" content=\"https:\/\/thefashiontourismsociety.com\/it\/chi-siamo\/\" \/>\n<meta property=\"og:site_name\" content=\"The Fashion Tourism Society\" \/>\n<meta property=\"article:modified_time\" content=\"2025-03-16T00:47:06+00:00\" \/>\n<meta name=\"twitter:card\" content=\"summary_large_image\" \/>\n<meta name=\"twitter:label1\" content=\"Tempo di lettura stimato\" \/>\n\t<meta name=\"twitter:data1\" content=\"2 minuti\" \/>\n<!-- \/ Yoast SEO plugin. -->","yoast_head_json":{"title":"Chi siamo - The Fashion Tourism Society","robots":{"index":"index","follow":"follow","max-snippet":"max-snippet:-1","max-image-preview":"max-image-preview:large","max-video-preview":"max-video-preview:-1"},"canonical":"https:\/\/thefashiontourismsociety.com\/it\/chi-siamo\/","og_locale":"it_IT","og_type":"article","og_title":"Chi siamo - The Fashion Tourism Society","og_description":"[vc_row full_width=&#8221;stretch_row&#8221; content_placement=&#8221;middle&#8221; css=&#8221;.vc_custom_1503215870640{margin-bottom: 0px !important;padding-top: 80px !important;padding-bottom: 80px !important;}&#8221;][vc_column width=&#8221;1\/2&#8243;][vc_single_image image=&#8221;10971&#8243; img_size=&#8221;566\u0445613&#8243; css_animation=&#8221;appear&#8221;][\/vc_column][vc_column width=&#8221;1\/2&#8243;][vc_column_text] La Fashion Tourism Society offre avventure di moda sotto forma di tour di shopping e una variet\u00e0 di altri servizi di shopping. I nostri stilisti professionisti e la nostra competenza in fatto di moda ci rendono la tua guida definitiva ... read more","og_url":"https:\/\/thefashiontourismsociety.com\/it\/chi-siamo\/","og_site_name":"The Fashion Tourism Society","article_modified_time":"2025-03-16T00:47:06+00:00","twitter_card":"summary_large_image","twitter_misc":{"Tempo di lettura stimato":"2 minuti"},"schema":{"@context":"https:\/\/schema.org","@graph":[{"@type":"WebPage","@id":"https:\/\/thefashiontourismsociety.com\/it\/chi-siamo\/","url":"https:\/\/thefashiontourismsociety.com\/it\/chi-siamo\/","name":"Chi siamo - The Fashion Tourism Society","isPartOf":{"@id":"https:\/\/thefashiontourismsociety.com\/#website"},"datePublished":"2017-08-03T11:03:35+00:00","dateModified":"2025-03-16T00:47:06+00:00","breadcrumb":{"@id":"https:\/\/thefashiontourismsociety.com\/it\/chi-siamo\/#breadcrumb"},"inLanguage":"it-IT","potentialAction":[{"@type":"ReadAction","target":["https:\/\/thefashiontourismsociety.com\/it\/chi-siamo\/"]}]},{"@type":"BreadcrumbList","@id":"https:\/\/thefashiontourismsociety.com\/it\/chi-siamo\/#breadcrumb","itemListElement":[{"@type":"ListItem","position":1,"name":"Home","item":"https:\/\/thefashiontourismsociety.com\/it\/la-societa-del-turismo-della-moda\/"},{"@type":"ListItem","position":2,"name":"Chi siamo"}]},{"@type":"WebSite","@id":"https:\/\/thefashiontourismsociety.com\/#website","url":"https:\/\/thefashiontourismsociety.com\/","name":"The Fashion Tourism Society","description":"Explore The World Through Its Fashions","potentialAction":[{"@type":"SearchAction","target":{"@type":"EntryPoint","urlTemplate":"https:\/\/thefashiontourismsociety.com\/?s={search_term_string}"},"query-input":{"@type":"PropertyValueSpecification","valueRequired":true,"valueName":"search_term_string"}}],"inLanguage":"it-IT"}]}},"jetpack-related-posts":[{"id":10991,"url":"https:\/\/thefashiontourismsociety.com\/it\/","url_meta":{"origin":10964,"position":0},"title":"La Societ\u00e0 del Turismo della Moda","author":"styladmin","date":"Novembre 7, 2017","format":false,"excerpt":"[vc_row full_width=\"stretch_row_content_no_spaces\" full_height=\"yes\" video_bckgr_url=\"https:\/\/www.youtube.com\/watch?v=OUU2hoo3r4g\" video_bckgr_start=\"0\" video_bckgr_end=\"0:26\" general_row_align=\"rigid-align-center\" fixed_background=\"yes\" css=\".vc_custom_1737508198365{margin-right: 0px !important;margin-bottom: 0px !important;margin-left: 0px !important;padding-top: 150px !important;padding-bottom: 150px !important;}\"][vc_column video_bg=\"yes\" video_bg_url=\"https:\/\/www.youtube.com\/watch?v=OUU2hoo3r4g\"][vc_empty_space][vc_empty_space][vc_empty_space][vc_empty_space][vc_empty_space][vc_custom_heading text=\"Esperienze di turismo della moda\" font_container=\"tag:h4|font_size:55px|text_align:center|color:%23ffffff|line_height:1\" use_theme_fonts=\"yes\"][vc_custom_heading text=\"\" font_container=\"tag:h4|font_size:55px|text_align:center|color:%23ffffff|line_height:1\" use_theme_fonts=\"yes\"][vc_custom_heading text=\"Moda locale, Tour ed esperienze di shopping\" font_container=\"tag:h6|font_size:22px|text_align:center|color:%23ffffff\" use_theme_fonts=\"yes\"][vc_empty_space][vc_empty_space][vc_empty_space][vc_empty_space][vc_btn title=\"Prenota la tua prossima esperienza\" style=\"custom\" custom_background=\"#333333\" custom_text=\"#ffffff\" shape=\"square\" link=\"url:https%3A%2F%2Fthefashiontourismsociety.com%2Fshopping-tours%2F|\"][vc_empty_space][vc_empty_space][vc_empty_space][\/vc_column][\/vc_row][vc_row\u2026","rel":"","context":"Articolo simile","block_context":{"text":"Articolo simile","link":""},"img":{"alt_text":"","src":"","width":0,"height":0},"classes":[]},{"id":11036,"url":"https:\/\/thefashiontourismsociety.com\/it\/domande-frequenti\/","url_meta":{"origin":10964,"position":1},"title":"Domande frequenti","author":"styladmin","date":"Agosto 3, 2017","format":false,"excerpt":"[vc_row css=\".vc_custom_1503256368134{margin-bottom: 0px !important;border-bottom-width: 1px !important;padding-top: 80px !important;padding-bottom: 80px !important;border-bottom-color: #f1f1f1 !important;border-bottom-style: solid !important;}\"][vc_column][vc_column_text css=\".vc_custom_1503256138611{margin-bottom: 80px !important;}\"] Domande sugli acquisti [\/vc_column_text][vc_row_inner][vc_column_inner width=\"1\/2\"][vc_column_text css=\".vc_custom_1582443931430{margin-bottom: 20px !important;}\"] Cos'\u00e8 uno shopping tour? [\/vc_column_text][vc_column_text]Uno shopping tour con Stylter \u00e8 un'esperienza di shopping guidata personalizzata con uno stilista di moda che unisce lo styling e\u2026","rel":"","context":"Articolo simile","block_context":{"text":"Articolo simile","link":""},"img":{"alt_text":"","src":"","width":0,"height":0},"classes":[]},{"id":11693,"url":"https:\/\/thefashiontourismsociety.com\/pt-pt\/sobre-nos\/","url_meta":{"origin":10964,"position":2},"title":"Sobre n\u00f3s","author":"styladmin","date":"Agosto 3, 2017","format":false,"excerpt":"[vc_row full_width=\"stretch_row\" content_placement=\"middle\" css=\".vc_custom_1503215870640{margin-bottom: 0px !important;padding-top: 80px !important;padding-bottom: 80px !important;}\"][vc_column width=\"1\/2\"][vc_single_image image=\"11700\" img_size=\"566\u0445613\" css_animation=\"appear\"][\/vc_column][vc_column width=\"1\/2\"][vc_column_text] A Fashion Tourism Society oferece aventuras de moda sob a forma de passeios de compras e uma variedade de outros servi\u00e7os de compras. Os nossos estilistas profissionais e a experi\u00eancia em moda fazem de n\u00f3s\u2026","rel":"","context":"Articolo simile","block_context":{"text":"Articolo simile","link":""},"img":{"alt_text":"","src":"","width":0,"height":0},"classes":[]},{"id":11229,"url":"https:\/\/thefashiontourismsociety.com\/es\/sobre-nosotros\/","url_meta":{"origin":10964,"position":3},"title":"Sobre nosotros","author":"styladmin","date":"Agosto 3, 2017","format":false,"excerpt":"[vc_row full_width=\"stretch_row\" content_placement=\"middle\" css=\".vc_custom_1503215870640{margin-bottom: 0px !important;padding-top: 80px !important;padding-bottom: 80px !important;}\"][vc_column width=\"1\/2\"][vc_single_image image=\"11236\" img_size=\"566\u0445613\" css_animation=\"appear\"][\/vc_column][vc_column width=\"1\/2\"][vc_column_text] La Sociedad de Turismo de Moda ofrece aventuras de moda en forma de tours de compras y una variedad de otros servicios. Nuestros estilistas profesionales y nuestra experiencia en moda nos convierten en su gu\u00eda\u2026","rel":"","context":"Articolo simile","block_context":{"text":"Articolo simile","link":""},"img":{"alt_text":"","src":"","width":0,"height":0},"classes":[]},{"id":10988,"url":"https:\/\/thefashiontourismsociety.com\/it\/contattaci\/","url_meta":{"origin":10964,"position":4},"title":"Contattaci","author":"styladmin","date":"Maggio 30, 2017","format":false,"excerpt":"[vc_row full_width=\"stretch_row\" css=\".vc_custom_1503249677753{margin-bottom: 0px !important;padding-top: 50px !important;padding-bottom: 80px !important;background-color: #ffffff !important;}\"][vc_column][vc_row_inner css=\".vc_custom_1503227787607{margin-bottom: 80px !important;border-bottom-width: 1px !important;padding-bottom: 80px !important;border-bottom-color: #f1f1f1 !important;border-bottom-style: solid !important;}\"][vc_column_inner width=\"1\/3\"][vc_icon type=\"etline\" color=\"grey\" icon_etline=\"icon-envelope\" css=\".vc_custom_1589851204884{margin-bottom: 10px !important;}\"][vc_column_text css=\".vc_custom_1589850167009{margin-bottom: 15px !important;}\"] Richieste generali [\/vc_column_text][vc_column_text css=\".vc_custom_1646459440014{margin-bottom: 20px !important;}\"]Per maggiori informazioni sulle nostre esperienze di styling e di shopping, contattaci:[\/vc_column_text][vc_empty_space][vc_column_text css=\".vc_custom_1638373458926{margin-bottom:\u2026","rel":"","context":"Articolo simile","block_context":{"text":"Articolo simile","link":""},"img":{"alt_text":"","src":"","width":0,"height":0},"classes":[]},{"id":11759,"url":"https:\/\/thefashiontourismsociety.com\/pt-pt\/a-sociedade-de-turismo-de-moda\/","url_meta":{"origin":10964,"position":5},"title":"A Sociedade de Turismo de Moda","author":"styladmin","date":"Novembre 7, 2017","format":false,"excerpt":"[vc_row full_width=\"stretch_row_content_no_spaces\" full_height=\"yes\" video_bg=\"yes\" video_bg_url=\"https:\/\/www.youtube.com\/watch?v=OUU2hoo3r4g\" video_bckgr_url=\"https:\/\/www.youtube.com\/watch?v=OUU2hoo3r4g\" video_bckgr_start=\"0\" video_bckgr_end=\"0:26\" general_row_align=\"rigid-align-center\" css=\".vc_custom_1742428112765{margin-right: 0px !important;margin-bottom: 0px !important;margin-left: 0px !important;padding-top: 0px !important;padding-bottom: 0px !important;}\"][vc_column][vc_custom_heading text=\"Experi\u00eancias de Turismo de Moda\" font_container=\"tag:h4|font_size:55px|text_align:center|color:%23ffffff|line_height:1\" use_theme_fonts=\"yes\"][vc_custom_heading text=\"\" font_container=\"tag:h4|font_size:55px|text_align:center|color:%23ffffff|line_height:1\" use_theme_fonts=\"yes\"][vc_custom_heading text=\"Moda local, passeios de compras e experi\u00eancias\" font_container=\"tag:h6|font_size:22px|text_align:center|color:%23ffffff\" use_theme_fonts=\"yes\"][vc_empty_space][vc_empty_space][vc_btn title=\"Reserve a sua pr\u00f3xima experi\u00eancia\" style=\"custom\" custom_background=\"#333333\" custom_text=\"#ffffff\" shape=\"square\" align=\"center\" css=\"\"\u2026","rel":"","context":"Articolo simile","block_context":{"text":"Articolo simile","link":""},"img":{"alt_text":"","src":"","width":0,"height":0},"classes":[]}],"jetpack_sharing_enabled":true,"post_mailing_queue_ids":[],"_links":{"self":[{"href":"https:\/\/thefashiontourismsociety.com\/it\/wp-json\/wp\/v2\/pages\/10964","targetHints":{"allow":["GET"]}}],"collection":[{"href":"https:\/\/thefashiontourismsociety.com\/it\/wp-json\/wp\/v2\/pages"}],"about":[{"href":"https:\/\/thefashiontourismsociety.com\/it\/wp-json\/wp\/v2\/types\/page"}],"author":[{"embeddable":true,"href":"https:\/\/thefashiontourismsociety.com\/it\/wp-json\/wp\/v2\/users\/1"}],"replies":[{"embeddable":true,"href":"https:\/\/thefashiontourismsociety.com\/it\/wp-json\/wp\/v2\/comments?post=10964"}],"version-history":[{"count":3,"href":"https:\/\/thefashiontourismsociety.com\/it\/wp-json\/wp\/v2\/pages\/10964\/revisions"}],"predecessor-version":[{"id":10987,"href":"https:\/\/thefashiontourismsociety.com\/it\/wp-json\/wp\/v2\/pages\/10964\/revisions\/10987"}],"wp:attachment":[{"href":"https:\/\/thefashiontourismsociety.com\/it\/wp-json\/wp\/v2\/media?parent=10964"}],"curies":[{"name":"wp","href":"https:\/\/api.w.org\/{rel}","templated":true}]}}