{"id":9817,"date":"2023-03-16T03:39:54","date_gmt":"2023-03-16T07:39:54","guid":{"rendered":"https:\/\/thefashiontourismsociety.com\/devenez-styliste-de-mode-avec-la-societe-de-tourisme-de-mode-rejoignez-nous\/"},"modified":"2023-03-22T21:10:48","modified_gmt":"2023-03-23T01:10:48","slug":"devenez-styliste-de-mode-avec-la-societe-de-tourisme-de-mode-rejoignez-nous","status":"publish","type":"page","link":"https:\/\/thefashiontourismsociety.com\/fr\/devenez-styliste-de-mode-avec-la-societe-de-tourisme-de-mode-rejoignez-nous\/","title":{"rendered":"Devenez Styliste De Mode Avec La Soci\u00e9t\u00e9 De Tourisme De Mode &#8211; Rejoignez-Nous\u00a0!"},"content":{"rendered":"\n<br\/>\r\n\n<p class=\"has-black-color has-text-color\">Travaillez avec nous en tant que styliste de mode ind\u00e9pendant dans l&#8217;une des villes ci-dessous\u00a0! Envoyez-nous votre CV et assurez-vous d&#8217;indiquer la ville dans laquelle vous vous trouvez.<\/p>\n\n<p class=\"has-luminous-vivid-orange-color has-text-color\">*** Votre ville ne figure pas sur la liste? Contactez-nous pour explorer les possibilit\u00e9s de travailler avec nous quand m\u00eame! ***<\/p>\n\n<br\/>\r\n\n<p class=\"has-black-color has-text-color\"><strong>Styliste Freelance au Canada<\/strong><\/p>\n\n<p class=\"has-black-color has-text-color\"><a href=\"https:\/\/thefashiontourismsociety.com\/become-a-fashion-stylist-in-montreal-opportunity-join-us-today\/\">Styliste Freelance \u00e0 Montr\u00e9al, Qu\u00e9bec, Canada<\/a><\/p>\n\n<p class=\"has-black-color has-text-color\"><a href=\"https:\/\/thefashiontourismsociety.com\/become-a-fashion-stylist-in-quebec-city-opportunity-join-us-today\/\">Styliste Freelance \u00e0 Qu\u00e9bec, Qu\u00e9bec, Canada<\/a><\/p>\n\n<p class=\"has-black-color has-text-color\"><a href=\"https:\/\/thefashiontourismsociety.com\/become-a-fashion-stylist-in-toronto-opportunity-join-us-today\/\">Styliste Freelance \u00e0 Toronto, Ontario, Canada<\/a><\/p>\n\n<p class=\"has-black-color has-text-color\"><a href=\"https:\/\/thefashiontourismsociety.com\/become-a-fashion-stylist-in-vancouver-opportunity-join-us-today\/\">Styliste Freelance \u00e0 Vancouver, Colombie-Britannique, Canada<\/a><\/p>\n\n<br\/>\r\n\n<p class=\"has-black-color has-text-color\"><strong>Styliste Freelance en France<\/strong><\/p>\n\n<p class=\"has-black-color has-text-color\"><a href=\"https:\/\/thefashiontourismsociety.com\/become-a-fashion-stylist-in-paris-opportunity-join-us-today\/\">Styliste Freelance \u00e0 Paris, France<\/a><\/p>\n\n<br\/>\r\n\n<p class=\"has-black-color has-text-color\"><strong>Styliste Freelance en Allemange<\/strong><\/p>\n\n<p class=\"has-black-color has-text-color\"><a href=\"https:\/\/thefashiontourismsociety.com\/become-a-fashion-stylist-in-berlin-opportunity-join-us-today\/\">Styliste Freelance \u00e0 Berlin, Allemagne<\/a><\/p>\n\n<p class=\"has-black-color has-text-color\"><a href=\"https:\/\/thefashiontourismsociety.com\/become-a-fashion-stylist-in-dusseldorf-opportunity-join-us-today\/\">Styliste Freelance \u00e0 Dusseldorf, Allemagne<\/a><\/p>\n\n<p class=\"has-black-color has-text-color\"><a href=\"https:\/\/thefashiontourismsociety.com\/become-a-fashion-stylist-in-frankfurt-opportunity-join-us-today\/\">Styliste Freelance \u00e0 Francfort, Allemagne<\/a><\/p>\n\n<p class=\"has-black-color has-text-color\"><a href=\"https:\/\/thefashiontourismsociety.com\/become-a-fashion-stylist-in-hamburg-opportunity-join-us-today\/\">Styliste Freelance \u00e0 Hambourg, Allemagne<\/a><\/p>\n\n<br\/>\r\n\n<p class=\"has-black-color has-text-color\"><strong>Styliste Freelance en Italie<\/strong><\/p>\n\n<p class=\"has-black-color has-text-color\"><a href=\"https:\/\/thefashiontourismsociety.com\/become-a-fashion-stylist-in-florence-opportunity-join-us-today\/\">Styliste Freelance \u00e0 Florence, Italie<\/a><\/p>\n\n<p class=\"has-black-color has-text-color\"><a href=\"https:\/\/thefashiontourismsociety.com\/become-a-fashion-stylist-in-milan-opportunity-join-us-today\/\">Styliste Freelance \u00e0 Milan, Italie<\/a><\/p>\n\n<p class=\"has-black-color has-text-color\"><a href=\"https:\/\/thefashiontourismsociety.com\/become-a-fashion-stylist-in-rome-opportunity-join-us-today\/\">Styliste Freelance \u00e0 Rome, Italie<\/a><\/p>\n\n<br\/>\r\n\n<p class=\"has-black-color has-text-color\"><strong>Styliste Freelance au Japon<\/strong><\/p>\n\n<p class=\"has-black-color has-text-color\"><a href=\"https:\/\/thefashiontourismsociety.com\/become-a-fashion-stylist-in-tokyo-opportunity-join-us-today\/\">Styliste Freelance \u00e0 Tokyo, Japon<\/a><\/p>\n\n<br\/>\r\n\n<p class=\"has-black-color has-text-color\"><strong>Styliste Freelance \u00e0 Qatar<\/strong><\/p>\n\n<p class=\"has-black-color has-text-color\"><a href=\"https:\/\/thefashiontourismsociety.com\/become-a-fashion-stylist-in-doha-opportunity-join-us-today\/\">Styliste Freelance \u00e0 Doha, Qatar<\/a><\/p>\n\n<br\/>\r\n\n<p class=\"has-black-color has-text-color\"><strong>Styliste Freelance aux \u00c9mirats Arabes Unis<\/strong><\/p>\n\n<p class=\"has-black-color has-text-color\"><a href=\"https:\/\/thefashiontourismsociety.com\/become-a-fashion-stylist-in-abu-dhabi-opportunity-join-us-today\/\">Styliste Freelance \u00e0 Abu Dhabi, \u00c9mirats Arabes Unis<\/a><\/p>\n\n<p class=\"has-black-color has-text-color\"><a href=\"https:\/\/thefashiontourismsociety.com\/become-a-fashion-stylist-in-dubai-opportunity-join-us-today\/\">Styliste Freelance \u00e0 Dubai, \u00c9mirats Arabes Unis<\/a><\/p>\n\n<br\/>\r\n\n<p class=\"has-black-color has-text-color\"><strong>Styliste Freelance au Royaume-Uni<\/strong><\/p>\n\n<p class=\"has-black-color has-text-color\"><a href=\"https:\/\/thefashiontourismsociety.com\/become-a-fashion-stylist-in-london-opportunity-join-us-today\/\">Styliste Freelance \u00e0 Londres, Royaume-Uni<\/a><\/p>\n\n<p class=\"has-black-color has-text-color\"><a href=\"https:\/\/thefashiontourismsociety.com\/become-a-fashion-stylist-in-manchester-opportunity-join-us-today\/\">Styliste Freelance \u00e0 Manchester, Royaume-Uni<\/a><\/p>\n\n<br\/>\r\n\n<p class=\"has-black-color has-text-color\"><strong>Styliste Freelance aux \u00c9tats-Unis<\/strong><\/p>\n\n<p class=\"has-black-color has-text-color\"><a href=\"https:\/\/thefashiontourismsociety.com\/become-a-fashion-stylist-in-boston-opportunity-join-us-today\/\">Styliste Freelance \u00e0 Boston, \u00c9tats-Unis<\/a><\/p>\n\n<p class=\"has-black-color has-text-color\"><a href=\"https:\/\/thefashiontourismsociety.com\/become-a-fashion-stylist-in-chicago-opportunity-join-us-today\/\">Styliste Freelance \u00e0 Chicago, \u00c9tats-Unis<\/a><\/p>\n\n<p class=\"has-black-color has-text-color\"><a href=\"https:\/\/thefashiontourismsociety.com\/become-a-fashion-stylist-in-dallas-opportunity-join-us-today\/\">Styliste Freelance \u00e0 Dallas, \u00c9tats-Unis<\/a><\/p>\n\n<p class=\"has-black-color has-text-color\"><a href=\"https:\/\/thefashiontourismsociety.com\/become-a-fashion-stylist-in-las-vegas-opportunity-join-us-today\/\">Styliste Freelance \u00e0 Las Vegas, \u00c9tats-Unis<\/a><\/p>\n\n<p class=\"has-black-color has-text-color\"><a href=\"https:\/\/thefashiontourismsociety.com\/become-a-fashion-stylist-in-los-angeles-opportunity-join-us-today\/\">Styliste Freelance \u00e0 Los Angeles, \u00c9tats-Unis<\/a><\/p>\n\n<p class=\"has-black-color has-text-color\"><a href=\"https:\/\/thefashiontourismsociety.com\/become-a-fashion-stylist-in-miami-opportunity-join-us-today\/\">Styliste Freelance \u00e0 Miami, \u00c9tats-Unis<\/a><\/p>\n\n<p class=\"has-black-color has-text-color\"><a href=\"https:\/\/thefashiontourismsociety.com\/become-a-fashion-stylist-in-new-york-opportunity-join-us-today\/\">Styliste Freelance \u00e0 New York, \u00c9tats-Unis<\/a><\/p>\n\n<p class=\"has-black-color has-text-color\"><a href=\"https:\/\/thefashiontourismsociety.com\/become-a-fashion-stylist-in-san-francisco-opportunity-join-us-today\/\">Styliste Freelance \u00e0 San Francisco, \u00c9tats-Unis<\/a><\/p>\n\n<p class=\"has-black-color has-text-color\"><a href=\"https:\/\/thefashiontourismsociety.com\/become-a-fashion-stylist-in-washington-opportunity-join-us-today\/\">Styliste Freelance \u00e0 Washington, \u00c9tats-Unis<\/a><\/p>\n","protected":false},"excerpt":{"rendered":"<p>Travaillez avec nous en tant que styliste de mode ind\u00e9pendant dans l&#8217;une des villes ci-dessous\u00a0! Envoyez-nous votre CV et assurez-vous d&#8217;indiquer la ville dans laquelle vous vous trouvez. *** Votre ville ne figure pas sur la liste? Contactez-nous pour explorer les possibilit\u00e9s de travailler avec nous quand m\u00eame! *** Styliste Freelance au Canada Styliste Freelance &#8230;<a class=\"r_more_blog\" href=\"https:\/\/thefashiontourismsociety.com\/fr\/devenez-styliste-de-mode-avec-la-societe-de-tourisme-de-mode-rejoignez-nous\/#more-9817\"><i class=\"fa fa-sign-in\"><\/i> read more<\/a><\/p>\n","protected":false},"author":1,"featured_media":0,"parent":0,"menu_order":0,"comment_status":"closed","ping_status":"closed","template":"","meta":{"om_disable_all_campaigns":false,"_monsterinsights_skip_tracking":false,"_monsterinsights_sitenote_active":false,"_monsterinsights_sitenote_note":"","_monsterinsights_sitenote_category":0,"_uf_show_specific_survey":0,"_uf_disable_surveys":false,"footnotes":""},"class_list":["post-9817","page","type-page","status-publish","hentry"],"yoast_head":"<!-- This site is optimized with the Yoast SEO plugin v27.2 - https:\/\/yoast.com\/product\/yoast-seo-wordpress\/ -->\n<title>Devenez Styliste De Mode Avec La Soci\u00e9t\u00e9 De Tourisme De Mode - Rejoignez-Nous\u00a0! - The Fashion Tourism Society<\/title>\n<meta name=\"description\" content=\"Devenez styliste de mode avec la Soci\u00e9t\u00e9 de Tourisme de Mode - Rejoignez-nous\u00a0!\" \/>\n<meta name=\"robots\" content=\"index, follow, max-snippet:-1, max-image-preview:large, max-video-preview:-1\" \/>\n<link rel=\"canonical\" href=\"https:\/\/thefashiontourismsociety.com\/fr\/devenez-styliste-de-mode-avec-la-societe-de-tourisme-de-mode-rejoignez-nous\/\" \/>\n<meta property=\"og:locale\" content=\"fr_FR\" \/>\n<meta property=\"og:type\" content=\"article\" \/>\n<meta property=\"og:title\" content=\"Devenez Styliste De Mode Avec La Soci\u00e9t\u00e9 De Tourisme De Mode - Rejoignez-Nous\u00a0! - The Fashion Tourism Society\" \/>\n<meta property=\"og:description\" content=\"Devenez styliste de mode avec la Soci\u00e9t\u00e9 de Tourisme de Mode - Rejoignez-nous\u00a0!\" \/>\n<meta property=\"og:url\" content=\"https:\/\/thefashiontourismsociety.com\/fr\/devenez-styliste-de-mode-avec-la-societe-de-tourisme-de-mode-rejoignez-nous\/\" \/>\n<meta property=\"og:site_name\" content=\"The Fashion Tourism Society\" \/>\n<meta property=\"article:modified_time\" content=\"2023-03-23T01:10:48+00:00\" \/>\n<meta name=\"twitter:card\" content=\"summary_large_image\" \/>\n<meta name=\"twitter:label1\" content=\"Dur\u00e9e de lecture estim\u00e9e\" \/>\n\t<meta name=\"twitter:data1\" content=\"1 minute\" \/>\n<!-- \/ Yoast SEO plugin. -->","yoast_head_json":{"title":"Devenez Styliste De Mode Avec La Soci\u00e9t\u00e9 De Tourisme De Mode - Rejoignez-Nous\u00a0! - The Fashion Tourism Society","description":"Devenez styliste de mode avec la Soci\u00e9t\u00e9 de Tourisme de Mode - Rejoignez-nous\u00a0!","robots":{"index":"index","follow":"follow","max-snippet":"max-snippet:-1","max-image-preview":"max-image-preview:large","max-video-preview":"max-video-preview:-1"},"canonical":"https:\/\/thefashiontourismsociety.com\/fr\/devenez-styliste-de-mode-avec-la-societe-de-tourisme-de-mode-rejoignez-nous\/","og_locale":"fr_FR","og_type":"article","og_title":"Devenez Styliste De Mode Avec La Soci\u00e9t\u00e9 De Tourisme De Mode - Rejoignez-Nous\u00a0! - The Fashion Tourism Society","og_description":"Devenez styliste de mode avec la Soci\u00e9t\u00e9 de Tourisme de Mode - Rejoignez-nous\u00a0!","og_url":"https:\/\/thefashiontourismsociety.com\/fr\/devenez-styliste-de-mode-avec-la-societe-de-tourisme-de-mode-rejoignez-nous\/","og_site_name":"The Fashion Tourism Society","article_modified_time":"2023-03-23T01:10:48+00:00","twitter_card":"summary_large_image","twitter_misc":{"Dur\u00e9e de lecture estim\u00e9e":"1 minute"},"schema":{"@context":"https:\/\/schema.org","@graph":[{"@type":"WebPage","@id":"https:\/\/thefashiontourismsociety.com\/fr\/devenez-styliste-de-mode-avec-la-societe-de-tourisme-de-mode-rejoignez-nous\/","url":"https:\/\/thefashiontourismsociety.com\/fr\/devenez-styliste-de-mode-avec-la-societe-de-tourisme-de-mode-rejoignez-nous\/","name":"Devenez Styliste De Mode Avec La Soci\u00e9t\u00e9 De Tourisme De Mode - Rejoignez-Nous\u00a0! - The Fashion Tourism Society","isPartOf":{"@id":"https:\/\/thefashiontourismsociety.com\/#website"},"datePublished":"2023-03-16T07:39:54+00:00","dateModified":"2023-03-23T01:10:48+00:00","description":"Devenez styliste de mode avec la Soci\u00e9t\u00e9 de Tourisme de Mode - Rejoignez-nous\u00a0!","breadcrumb":{"@id":"https:\/\/thefashiontourismsociety.com\/fr\/devenez-styliste-de-mode-avec-la-societe-de-tourisme-de-mode-rejoignez-nous\/#breadcrumb"},"inLanguage":"fr-FR","potentialAction":[{"@type":"ReadAction","target":["https:\/\/thefashiontourismsociety.com\/fr\/devenez-styliste-de-mode-avec-la-societe-de-tourisme-de-mode-rejoignez-nous\/"]}]},{"@type":"BreadcrumbList","@id":"https:\/\/thefashiontourismsociety.com\/fr\/devenez-styliste-de-mode-avec-la-societe-de-tourisme-de-mode-rejoignez-nous\/#breadcrumb","itemListElement":[{"@type":"ListItem","position":1,"name":"Home","item":"https:\/\/thefashiontourismsociety.com\/fr\/societe-de-tourisme-de-mode\/"},{"@type":"ListItem","position":2,"name":"Devenez Styliste De Mode Avec La Soci\u00e9t\u00e9 De Tourisme De Mode &#8211; Rejoignez-Nous\u00a0!"}]},{"@type":"WebSite","@id":"https:\/\/thefashiontourismsociety.com\/#website","url":"https:\/\/thefashiontourismsociety.com\/","name":"The Fashion Tourism Society","description":"Explore The World Through Its Fashions","potentialAction":[{"@type":"SearchAction","target":{"@type":"EntryPoint","urlTemplate":"https:\/\/thefashiontourismsociety.com\/?s={search_term_string}"},"query-input":{"@type":"PropertyValueSpecification","valueRequired":true,"valueName":"search_term_string"}}],"inLanguage":"fr-FR"}]}},"jetpack-related-posts":[{"id":5585,"url":"https:\/\/thefashiontourismsociety.com\/fr\/a-propos\/","url_meta":{"origin":9817,"position":0},"title":"\u00c0 Propos","author":"styladmin","date":"ao\u00fbt 3, 2017","format":false,"excerpt":"[vc_row full_width=\"stretch_row\" content_placement=\"middle\" css=\".vc_custom_1503215870640{margin-bottom: 0px !important;padding-top: 80px !important;padding-bottom: 80px !important;}\"][vc_column width=\"1\/2\"][vc_single_image image=\"5656\" img_size=\"566\u0445613\" css_animation=\"appear\"][\/vc_column][vc_column width=\"1\/2\"][vc_column_text] La Soci\u00e9t\u00e9 de Tourisme de Mode propose des aventures mode sous forme de circuits shopping et de nombreux autres services de stylisme. Gr\u00e2ce \u00e0 nos stylistes professionnels et \u00e0 notre expertise en mati\u00e8re de mode,\u2026","rel":"","context":"Article similaire","block_context":{"text":"Article similaire","link":""},"img":{"alt_text":"","src":"","width":0,"height":0},"classes":[]},{"id":5598,"url":"https:\/\/thefashiontourismsociety.com\/fr\/contactez-nous\/","url_meta":{"origin":9817,"position":1},"title":"Contactez Nous","author":"styladmin","date":"mai 30, 2017","format":false,"excerpt":"[vc_row full_width=\"stretch_row\" css=\".vc_custom_1503249677753{margin-bottom: 0px !important;padding-top: 50px !important;padding-bottom: 80px !important;background-color: #ffffff !important;}\"][vc_column][vc_row_inner css=\".vc_custom_1503227787607{margin-bottom: 80px !important;border-bottom-width: 1px !important;padding-bottom: 80px !important;border-bottom-color: #f1f1f1 !important;border-bottom-style: solid !important;}\"][vc_column_inner width=\"1\/3\"][vc_icon type=\"etline\" color=\"grey\" icon_etline=\"icon-envelope\" css=\".vc_custom_1589851204884{margin-bottom: 10px !important;}\"][vc_column_text css=\".vc_custom_1589850167009{margin-bottom: 15px !important;}\"] Requ\u00eates G\u00e9n\u00e9rales [\/vc_column_text][vc_column_text css=\".vc_custom_1646459492248{margin-bottom: 20px !important;}\"]Pour plus d'informations sur nos services de stylisme et nos exp\u00e9riences shopping, veuillez\u2026","rel":"","context":"Article similaire","block_context":{"text":"Article similaire","link":""},"img":{"alt_text":"","src":"","width":0,"height":0},"classes":[]},{"id":5904,"url":"https:\/\/thefashiontourismsociety.com\/fr\/shopping-tour-des-createurs-de-mode-quebecoise-avec-styliste\/","url_meta":{"origin":9817,"position":2},"title":"Shopping Tour Des Cr\u00e9ateurs De Mode Qu\u00e9becoise Avec Styliste","author":"styladmin","date":"janvier 16, 2020","format":false,"excerpt":"Please enable javascript in your browser to book","rel":"","context":"Article similaire","block_context":{"text":"Article similaire","link":""},"img":{"alt_text":"","src":"","width":0,"height":0},"classes":[]},{"id":5905,"url":"https:\/\/thefashiontourismsociety.com\/fr\/shopping-tour-des-createurs-de-mode-torontoise-avec-styliste\/","url_meta":{"origin":9817,"position":3},"title":"Shopping Tour Des Cr\u00e9ateurs De Mode Torontoise Avec Styliste","author":"styladmin","date":"janvier 16, 2020","format":false,"excerpt":"Please enable javascript in your browser to book","rel":"","context":"Article similaire","block_context":{"text":"Article similaire","link":""},"img":{"alt_text":"","src":"","width":0,"height":0},"classes":[]},{"id":5906,"url":"https:\/\/thefashiontourismsociety.com\/fr\/shopping-tour-des-createurs-de-mode-vancouverois-avec-styliste\/","url_meta":{"origin":9817,"position":4},"title":"Shopping Tour Des Cr\u00e9ateurs De Mode Vancouverois Avec Styliste","author":"styladmin","date":"janvier 16, 2020","format":false,"excerpt":"Please enable javascript in your browser to book","rel":"","context":"Article similaire","block_context":{"text":"Article similaire","link":""},"img":{"alt_text":"","src":"","width":0,"height":0},"classes":[]},{"id":9957,"url":"https:\/\/thefashiontourismsociety.com\/fr\/shopping-tour-des-createurs-de-mode-barcelonais-avec-une-styliste\/","url_meta":{"origin":9817,"position":5},"title":"Shopping Tour Des Cr\u00e9ateurs De Mode Barcelonais Avec Une Styliste","author":"styladmin","date":"mai 28, 2023","format":false,"excerpt":"Please enable javascript in your browser to book","rel":"","context":"Article similaire","block_context":{"text":"Article similaire","link":""},"img":{"alt_text":"","src":"","width":0,"height":0},"classes":[]}],"jetpack_sharing_enabled":true,"post_mailing_queue_ids":[],"_links":{"self":[{"href":"https:\/\/thefashiontourismsociety.com\/fr\/wp-json\/wp\/v2\/pages\/9817","targetHints":{"allow":["GET"]}}],"collection":[{"href":"https:\/\/thefashiontourismsociety.com\/fr\/wp-json\/wp\/v2\/pages"}],"about":[{"href":"https:\/\/thefashiontourismsociety.com\/fr\/wp-json\/wp\/v2\/types\/page"}],"author":[{"embeddable":true,"href":"https:\/\/thefashiontourismsociety.com\/fr\/wp-json\/wp\/v2\/users\/1"}],"replies":[{"embeddable":true,"href":"https:\/\/thefashiontourismsociety.com\/fr\/wp-json\/wp\/v2\/comments?post=9817"}],"version-history":[{"count":1,"href":"https:\/\/thefashiontourismsociety.com\/fr\/wp-json\/wp\/v2\/pages\/9817\/revisions"}],"predecessor-version":[{"id":9818,"href":"https:\/\/thefashiontourismsociety.com\/fr\/wp-json\/wp\/v2\/pages\/9817\/revisions\/9818"}],"wp:attachment":[{"href":"https:\/\/thefashiontourismsociety.com\/fr\/wp-json\/wp\/v2\/media?parent=9817"}],"curies":[{"name":"wp","href":"https:\/\/api.w.org\/{rel}","templated":true}]}}