{"id":9525,"date":"2022-11-21T21:20:50","date_gmt":"2022-11-22T02:20:50","guid":{"rendered":"https:\/\/thefashiontourismsociety.com\/?page_id=9525"},"modified":"2022-11-21T22:19:49","modified_gmt":"2022-11-22T03:19:49","slug":"tours-attractions-de-nos-partners-autour-du-monde","status":"publish","type":"page","link":"https:\/\/thefashiontourismsociety.com\/fr\/tours-attractions-de-nos-partners-autour-du-monde\/","title":{"rendered":"Tours &#038; Attractions De Nos Partners Autour Du Monde"},"content":{"rendered":"\n<script type=\"text\/javascript\" src=\"https:\/\/widgets.bokun.io\/assets\/javascripts\/apps\/build\/BokunWidgetsLoader.js?bookingChannelUUID=7ecd853b-d506-470c-be7f-b6085555f1d1\" async=\"\"><\/script>\n     \n    <div class=\"bokunWidget\" data-src=\"https:\/\/widgets.bokun.io\/online-sales\/7ecd853b-d506-470c-be7f-b6085555f1d1\/product-list\/58577\"><\/div>\n    <noscript>Please enable javascript in your browser to book<\/noscript>\n","protected":false},"excerpt":{"rendered":"<p>Please enable javascript in your browser to book<\/p>\n","protected":false},"author":1,"featured_media":0,"parent":0,"menu_order":0,"comment_status":"closed","ping_status":"closed","template":"","meta":{"om_disable_all_campaigns":false,"_monsterinsights_skip_tracking":false,"_monsterinsights_sitenote_active":false,"_monsterinsights_sitenote_note":"","_monsterinsights_sitenote_category":0,"_uf_show_specific_survey":0,"_uf_disable_surveys":false,"footnotes":""},"class_list":["post-9525","page","type-page","status-publish","hentry"],"yoast_head":"<!-- This site is optimized with the Yoast SEO plugin v27.2 - https:\/\/yoast.com\/product\/yoast-seo-wordpress\/ -->\n<title>Tours &amp; Attractions De Nos Partners Autour Du Monde - The Fashion Tourism Society<\/title>\n<meta name=\"description\" content=\"S\u00e9lection de tours, d&#039;attractions et d&#039;activit\u00e9s de nos partenaires de voyage dans diff\u00e9rentes villes autour du monde.\" \/>\n<meta name=\"robots\" content=\"index, follow, max-snippet:-1, max-image-preview:large, max-video-preview:-1\" \/>\n<link rel=\"canonical\" href=\"https:\/\/thefashiontourismsociety.com\/fr\/tours-attractions-de-nos-partners-autour-du-monde\/\" \/>\n<meta property=\"og:locale\" content=\"fr_FR\" \/>\n<meta property=\"og:type\" content=\"article\" \/>\n<meta property=\"og:title\" content=\"Tours &amp; Attractions De Nos Partners Autour Du Monde - The Fashion Tourism Society\" \/>\n<meta property=\"og:description\" content=\"S\u00e9lection de tours, d&#039;attractions et d&#039;activit\u00e9s de nos partenaires de voyage dans diff\u00e9rentes villes autour du monde.\" \/>\n<meta property=\"og:url\" content=\"https:\/\/thefashiontourismsociety.com\/fr\/tours-attractions-de-nos-partners-autour-du-monde\/\" \/>\n<meta property=\"og:site_name\" content=\"The Fashion Tourism Society\" \/>\n<meta property=\"article:modified_time\" content=\"2022-11-22T03:19:49+00:00\" \/>\n<meta name=\"twitter:card\" content=\"summary_large_image\" \/>\n<meta name=\"twitter:label1\" content=\"Dur\u00e9e de lecture estim\u00e9e\" \/>\n\t<meta name=\"twitter:data1\" content=\"1 minute\" \/>\n<!-- \/ Yoast SEO plugin. -->","yoast_head_json":{"title":"Tours & Attractions De Nos Partners Autour Du Monde - The Fashion Tourism Society","description":"S\u00e9lection de tours, d'attractions et d'activit\u00e9s de nos partenaires de voyage dans diff\u00e9rentes villes autour du monde.","robots":{"index":"index","follow":"follow","max-snippet":"max-snippet:-1","max-image-preview":"max-image-preview:large","max-video-preview":"max-video-preview:-1"},"canonical":"https:\/\/thefashiontourismsociety.com\/fr\/tours-attractions-de-nos-partners-autour-du-monde\/","og_locale":"fr_FR","og_type":"article","og_title":"Tours & Attractions De Nos Partners Autour Du Monde - The Fashion Tourism Society","og_description":"S\u00e9lection de tours, d'attractions et d'activit\u00e9s de nos partenaires de voyage dans diff\u00e9rentes villes autour du monde.","og_url":"https:\/\/thefashiontourismsociety.com\/fr\/tours-attractions-de-nos-partners-autour-du-monde\/","og_site_name":"The Fashion Tourism Society","article_modified_time":"2022-11-22T03:19:49+00:00","twitter_card":"summary_large_image","twitter_misc":{"Dur\u00e9e de lecture estim\u00e9e":"1 minute"},"schema":{"@context":"https:\/\/schema.org","@graph":[{"@type":"WebPage","@id":"https:\/\/thefashiontourismsociety.com\/fr\/tours-attractions-de-nos-partners-autour-du-monde\/","url":"https:\/\/thefashiontourismsociety.com\/fr\/tours-attractions-de-nos-partners-autour-du-monde\/","name":"Tours & Attractions De Nos Partners Autour Du Monde - The Fashion Tourism Society","isPartOf":{"@id":"https:\/\/thefashiontourismsociety.com\/#website"},"datePublished":"2022-11-22T02:20:50+00:00","dateModified":"2022-11-22T03:19:49+00:00","description":"S\u00e9lection de tours, d'attractions et d'activit\u00e9s de nos partenaires de voyage dans diff\u00e9rentes villes autour du monde.","breadcrumb":{"@id":"https:\/\/thefashiontourismsociety.com\/fr\/tours-attractions-de-nos-partners-autour-du-monde\/#breadcrumb"},"inLanguage":"fr-FR","potentialAction":[{"@type":"ReadAction","target":["https:\/\/thefashiontourismsociety.com\/fr\/tours-attractions-de-nos-partners-autour-du-monde\/"]}]},{"@type":"BreadcrumbList","@id":"https:\/\/thefashiontourismsociety.com\/fr\/tours-attractions-de-nos-partners-autour-du-monde\/#breadcrumb","itemListElement":[{"@type":"ListItem","position":1,"name":"Home","item":"https:\/\/thefashiontourismsociety.com\/fr\/societe-de-tourisme-de-mode\/"},{"@type":"ListItem","position":2,"name":"Tours &#038; Attractions De Nos Partners Autour Du Monde"}]},{"@type":"WebSite","@id":"https:\/\/thefashiontourismsociety.com\/#website","url":"https:\/\/thefashiontourismsociety.com\/","name":"The Fashion Tourism Society","description":"Explore The World Through Its Fashions","potentialAction":[{"@type":"SearchAction","target":{"@type":"EntryPoint","urlTemplate":"https:\/\/thefashiontourismsociety.com\/?s={search_term_string}"},"query-input":{"@type":"PropertyValueSpecification","valueRequired":true,"valueName":"search_term_string"}}],"inLanguage":"fr-FR"}]}},"jetpack-related-posts":[{"id":8916,"url":"https:\/\/thefashiontourismsociety.com\/tours-attractions-from-our-partners-around-the-world\/","url_meta":{"origin":9525,"position":0},"title":"Tours &#038; Attractions From Our Partners Around The World","author":"styladmin","date":"novembre 21, 2022","format":false,"excerpt":"Please enable javascript in your browser to book","rel":"","context":"Article similaire","block_context":{"text":"Article similaire","link":""},"img":{"alt_text":"","src":"","width":0,"height":0},"classes":[]},{"id":5903,"url":"https:\/\/thefashiontourismsociety.com\/fr\/shopping-tour-des-createurs-de-mode-montrealaise-avec-styliste\/","url_meta":{"origin":9525,"position":1},"title":"Shopping Tour Des Cr\u00e9ateurs De Mode Montr\u00e9alaise Avec Styliste","author":"styladmin","date":"janvier 16, 2020","format":false,"excerpt":"Please enable javascript in your browser to book Please enable javascript in your browser to book","rel":"","context":"Article similaire","block_context":{"text":"Article similaire","link":""},"img":{"alt_text":"","src":"","width":0,"height":0},"classes":[]},{"id":4716,"url":"https:\/\/thefashiontourismsociety.com\/montreal-local-fashion-designers-shopping-tour-with-a-stylist\/","url_meta":{"origin":9525,"position":2},"title":"Montreal Local Fashion Designers Shopping Tour with a Stylist","author":"styladmin","date":"janvier 16, 2020","format":false,"excerpt":"Please enable javascript in your browser to book Please enable javascript in your browser to book","rel":"","context":"Article similaire","block_context":{"text":"Article similaire","link":""},"img":{"alt_text":"","src":"","width":0,"height":0},"classes":[]},{"id":5904,"url":"https:\/\/thefashiontourismsociety.com\/fr\/shopping-tour-des-createurs-de-mode-quebecoise-avec-styliste\/","url_meta":{"origin":9525,"position":3},"title":"Shopping Tour Des Cr\u00e9ateurs De Mode Qu\u00e9becoise Avec Styliste","author":"styladmin","date":"janvier 16, 2020","format":false,"excerpt":"Please enable javascript in your browser to book","rel":"","context":"Article similaire","block_context":{"text":"Article similaire","link":""},"img":{"alt_text":"","src":"","width":0,"height":0},"classes":[]},{"id":5905,"url":"https:\/\/thefashiontourismsociety.com\/fr\/shopping-tour-des-createurs-de-mode-torontoise-avec-styliste\/","url_meta":{"origin":9525,"position":4},"title":"Shopping Tour Des Cr\u00e9ateurs De Mode Torontoise Avec Styliste","author":"styladmin","date":"janvier 16, 2020","format":false,"excerpt":"Please enable javascript in your browser to book","rel":"","context":"Article similaire","block_context":{"text":"Article similaire","link":""},"img":{"alt_text":"","src":"","width":0,"height":0},"classes":[]},{"id":5906,"url":"https:\/\/thefashiontourismsociety.com\/fr\/shopping-tour-des-createurs-de-mode-vancouverois-avec-styliste\/","url_meta":{"origin":9525,"position":5},"title":"Shopping Tour Des Cr\u00e9ateurs De Mode Vancouverois Avec Styliste","author":"styladmin","date":"janvier 16, 2020","format":false,"excerpt":"Please enable javascript in your browser to book","rel":"","context":"Article similaire","block_context":{"text":"Article similaire","link":""},"img":{"alt_text":"","src":"","width":0,"height":0},"classes":[]}],"jetpack_sharing_enabled":true,"post_mailing_queue_ids":[],"_links":{"self":[{"href":"https:\/\/thefashiontourismsociety.com\/fr\/wp-json\/wp\/v2\/pages\/9525","targetHints":{"allow":["GET"]}}],"collection":[{"href":"https:\/\/thefashiontourismsociety.com\/fr\/wp-json\/wp\/v2\/pages"}],"about":[{"href":"https:\/\/thefashiontourismsociety.com\/fr\/wp-json\/wp\/v2\/types\/page"}],"author":[{"embeddable":true,"href":"https:\/\/thefashiontourismsociety.com\/fr\/wp-json\/wp\/v2\/users\/1"}],"replies":[{"embeddable":true,"href":"https:\/\/thefashiontourismsociety.com\/fr\/wp-json\/wp\/v2\/comments?post=9525"}],"version-history":[{"count":2,"href":"https:\/\/thefashiontourismsociety.com\/fr\/wp-json\/wp\/v2\/pages\/9525\/revisions"}],"predecessor-version":[{"id":9532,"href":"https:\/\/thefashiontourismsociety.com\/fr\/wp-json\/wp\/v2\/pages\/9525\/revisions\/9532"}],"wp:attachment":[{"href":"https:\/\/thefashiontourismsociety.com\/fr\/wp-json\/wp\/v2\/media?parent=9525"}],"curies":[{"name":"wp","href":"https:\/\/api.w.org\/{rel}","templated":true}]}}