{"id":5632,"date":"2017-08-03T07:04:49","date_gmt":"2017-08-03T07:04:49","guid":{"rendered":"https:\/\/stylter.co\/faq\/"},"modified":"2020-11-14T19:37:55","modified_gmt":"2020-11-14T19:37:55","slug":"faq","status":"publish","type":"page","link":"https:\/\/thefashiontourismsociety.com\/fr\/faq\/","title":{"rendered":"FAQ"},"content":{"rendered":"<div class=\"wpb-content-wrapper\"><p>[vc_row css=&#8221;.vc_custom_1503256368134{margin-bottom: 0px !important;border-bottom-width: 1px !important;padding-top: 80px !important;padding-bottom: 80px !important;border-bottom-color: #f1f1f1 !important;border-bottom-style: solid !important;}&#8221;][vc_column][vc_column_text css=&#8221;.vc_custom_1503256138611{margin-bottom: 80px !important;}&#8221;]<\/p>\n<h2>Shopping Questions<\/h2>\n<p>[\/vc_column_text][vc_row_inner][vc_column_inner width=&#8221;1\/2&#8243;][vc_column_text css=&#8221;.vc_custom_1582443931430{margin-bottom: 20px !important;}&#8221;]<\/p>\n<h5>What is a shopping tour?<\/h5>\n<p>[\/vc_column_text][vc_column_text]A shopping tour with Stylter is a personalised guided shopping experience with a fashion stylist combining styling and fashion tourism. Think of it as the fashion and shopping version of a city tour to discover the local shopping scene.[\/vc_column_text][\/vc_column_inner][vc_column_inner width=&#8221;1\/2&#8243;][vc_column_text css=&#8221;.vc_custom_1582444215822{margin-bottom: 20px !important;}&#8221;]<\/p>\n<h5>What is your booking process?<\/h5>\n<p>[\/vc_column_text][vc_column_text]Once you completed your booking, you will receive a confirmation email with further instructions to fill out our shopping form. The shopping form helps us personalize your experience. Then, on a date closer to your shopping tour date, you will receive the information with regards to the tour meeting point or your hotel pick up time if your booking includes pick up and drop off.<\/p>\n<p>After your shopping tour, you will receive your style cards as well as souvenir pictures from your experience.[\/vc_column_text][\/vc_column_inner][\/vc_row_inner][vc_row_inner][vc_column_inner width=&#8221;1\/2&#8243;][vc_column_text css=&#8221;.vc_custom_1582444753959{margin-bottom: 20px !important;}&#8221;]<\/p>\n<h5>Do you offer private tours?<\/h5>\n<p>[\/vc_column_text][vc_column_text]Yes, we do. Please contact us directly to discuss special requests and specifications. Also, please note that group rates will be available based on request details.[\/vc_column_text][\/vc_column_inner][vc_column_inner width=&#8221;1\/2&#8243;][vc_column_text css=&#8221;.vc_custom_1582444638586{margin-bottom: 20px !important;}&#8221;]<\/p>\n<h5>Do you offer gift certificates?<\/h5>\n<p>[\/vc_column_text][vc_column_text]Yes, we do. You can purchase a gift certificate directly on our website or contact us to further personalize the surprise.[\/vc_column_text][\/vc_column_inner][\/vc_row_inner][\/vc_column][\/vc_row][vc_row css=&#8221;.vc_custom_1503251459286{margin-bottom: 0px !important;padding-top: 80px !important;padding-bottom: 80px !important;}&#8221;][vc_column][vc_column_text css=&#8221;.vc_custom_1503256190323{margin-bottom: 80px !important;}&#8221;]<\/p>\n<h2>Miscelaneous Questions<\/h2>\n<p>[\/vc_column_text][vc_row_inner][vc_column_inner width=&#8221;1\/2&#8243;][vc_toggle title=&#8221;Do you allow backorders?&#8221; open=&#8221;true&#8221;]Machine vision technology has been developed to track how fashions spread through society. The industry can now see the direct correlation on how fashion shows influence street-chic outfits. The effects can now be quantified and provide valuable feedback to fashion houses, designers and consumers regarding trends.[\/vc_toggle][vc_toggle title=&#8221;Are there benefits for registered users?&#8221;]Machine vision technology has been developed to track how fashions spread through society. The industry can now see the direct correlation on how fashion shows influence street-chic outfits. The effects can now be quantified and provide valuable feedback to fashion houses, designers and consumers regarding trends.[\/vc_toggle][vc_toggle title=&#8221;Which size to chose &#8211; EU vs US?&#8221;]Machine vision technology has been developed to track how fashions spread through society. The industry can now see the direct correlation on how fashion shows influence street-chic outfits. The effects can now be quantified and provide valuable feedback to fashion houses, designers and consumers regarding trends.[\/vc_toggle][\/vc_column_inner][vc_column_inner width=&#8221;1\/2&#8243;][vc_toggle title=&#8221;What payment methods are available?&#8221; open=&#8221;true&#8221;]Machine vision technology has been developed to track how fashions spread through society. The industry can now see the direct correlation on how fashion shows influence street-chic outfits. The effects can now be quantified and provide valuable feedback to fashion houses, designers and consumers regarding trends.[\/vc_toggle][vc_toggle title=&#8221;Do you have an affiliate program?&#8221;]Machine vision technology has been developed to track how fashions spread through society. The industry can now see the direct correlation on how fashion shows influence street-chic outfits. The effects can now be quantified and provide valuable feedback to fashion houses, designers and consumers regarding trends.[\/vc_toggle][vc_toggle title=&#8221;Do you offer gift wrapping?&#8221;]Machine vision technology has been developed to track how fashions spread through society. The industry can now see the direct correlation on how fashion shows influence street-chic outfits. The effects can now be quantified and provide valuable feedback to fashion houses, designers and consumers regarding trends.[\/vc_toggle][\/vc_column_inner][\/vc_row_inner][\/vc_column][\/vc_row]<\/p>\n<\/div>","protected":false},"excerpt":{"rendered":"<p>[vc_row css=&#8221;.vc_custom_1503256368134{margin-bottom: 0px !important;border-bottom-width: 1px !important;padding-top: 80px !important;padding-bottom: 80px !important;border-bottom-color: #f1f1f1 !important;border-bottom-style: solid !important;}&#8221;][vc_column][vc_column_text css=&#8221;.vc_custom_1503256138611{margin-bottom: 80px !important;}&#8221;] Shopping Questions [\/vc_column_text][vc_row_inner][vc_column_inner width=&#8221;1\/2&#8243;][vc_column_text css=&#8221;.vc_custom_1582443931430{margin-bottom: 20px !important;}&#8221;] What is a shopping tour? [\/vc_column_text][vc_column_text]A shopping tour with Stylter is a personalised guided shopping experience with a fashion stylist combining styling and fashion tourism. Think of it as the fashion &#8230;<a class=\"r_more_blog\" href=\"https:\/\/thefashiontourismsociety.com\/fr\/faq\/#more-5632\"><i class=\"fa fa-sign-in\"><\/i> read more<\/a><\/p>\n","protected":false},"author":1,"featured_media":0,"parent":0,"menu_order":0,"comment_status":"closed","ping_status":"closed","template":"","meta":{"om_disable_all_campaigns":false,"_monsterinsights_skip_tracking":false,"_monsterinsights_sitenote_active":false,"_monsterinsights_sitenote_note":"","_monsterinsights_sitenote_category":0,"_uf_show_specific_survey":0,"_uf_disable_surveys":false,"footnotes":""},"class_list":["post-5632","page","type-page","status-publish","hentry"],"yoast_head":"<!-- This site is optimized with the Yoast SEO plugin v27.2 - https:\/\/yoast.com\/product\/yoast-seo-wordpress\/ -->\n<title>FAQ - The Fashion Tourism Society<\/title>\n<meta name=\"robots\" content=\"index, follow, max-snippet:-1, max-image-preview:large, max-video-preview:-1\" \/>\n<link rel=\"canonical\" href=\"https:\/\/thefashiontourismsociety.com\/fr\/faq\/\" \/>\n<meta property=\"og:locale\" content=\"fr_FR\" \/>\n<meta property=\"og:type\" content=\"article\" \/>\n<meta property=\"og:title\" content=\"FAQ - The Fashion Tourism Society\" \/>\n<meta property=\"og:description\" content=\"[vc_row css=&#8221;.vc_custom_1503256368134{margin-bottom: 0px !important;border-bottom-width: 1px !important;padding-top: 80px !important;padding-bottom: 80px !important;border-bottom-color: #f1f1f1 !important;border-bottom-style: solid !important;}&#8221;][vc_column][vc_column_text css=&#8221;.vc_custom_1503256138611{margin-bottom: 80px !important;}&#8221;] Shopping Questions [\/vc_column_text][vc_row_inner][vc_column_inner width=&#8221;1\/2&#8243;][vc_column_text css=&#8221;.vc_custom_1582443931430{margin-bottom: 20px !important;}&#8221;] What is a shopping tour? [\/vc_column_text][vc_column_text]A shopping tour with Stylter is a personalised guided shopping experience with a fashion stylist combining styling and fashion tourism. Think of it as the fashion ... read more\" \/>\n<meta property=\"og:url\" content=\"https:\/\/thefashiontourismsociety.com\/fr\/faq\/\" \/>\n<meta property=\"og:site_name\" content=\"The Fashion Tourism Society\" \/>\n<meta property=\"article:modified_time\" content=\"2020-11-14T19:37:55+00:00\" \/>\n<meta name=\"twitter:card\" content=\"summary_large_image\" \/>\n<meta name=\"twitter:label1\" content=\"Dur\u00e9e de lecture estim\u00e9e\" \/>\n\t<meta name=\"twitter:data1\" content=\"4 minutes\" \/>\n<!-- \/ Yoast SEO plugin. -->","yoast_head_json":{"title":"FAQ - The Fashion Tourism Society","robots":{"index":"index","follow":"follow","max-snippet":"max-snippet:-1","max-image-preview":"max-image-preview:large","max-video-preview":"max-video-preview:-1"},"canonical":"https:\/\/thefashiontourismsociety.com\/fr\/faq\/","og_locale":"fr_FR","og_type":"article","og_title":"FAQ - The Fashion Tourism Society","og_description":"[vc_row css=&#8221;.vc_custom_1503256368134{margin-bottom: 0px !important;border-bottom-width: 1px !important;padding-top: 80px !important;padding-bottom: 80px !important;border-bottom-color: #f1f1f1 !important;border-bottom-style: solid !important;}&#8221;][vc_column][vc_column_text css=&#8221;.vc_custom_1503256138611{margin-bottom: 80px !important;}&#8221;] Shopping Questions [\/vc_column_text][vc_row_inner][vc_column_inner width=&#8221;1\/2&#8243;][vc_column_text css=&#8221;.vc_custom_1582443931430{margin-bottom: 20px !important;}&#8221;] What is a shopping tour? [\/vc_column_text][vc_column_text]A shopping tour with Stylter is a personalised guided shopping experience with a fashion stylist combining styling and fashion tourism. Think of it as the fashion ... read more","og_url":"https:\/\/thefashiontourismsociety.com\/fr\/faq\/","og_site_name":"The Fashion Tourism Society","article_modified_time":"2020-11-14T19:37:55+00:00","twitter_card":"summary_large_image","twitter_misc":{"Dur\u00e9e de lecture estim\u00e9e":"4 minutes"},"schema":{"@context":"https:\/\/schema.org","@graph":[{"@type":"WebPage","@id":"https:\/\/thefashiontourismsociety.com\/fr\/faq\/","url":"https:\/\/thefashiontourismsociety.com\/fr\/faq\/","name":"FAQ - The Fashion Tourism Society","isPartOf":{"@id":"https:\/\/thefashiontourismsociety.com\/#website"},"datePublished":"2017-08-03T07:04:49+00:00","dateModified":"2020-11-14T19:37:55+00:00","breadcrumb":{"@id":"https:\/\/thefashiontourismsociety.com\/fr\/faq\/#breadcrumb"},"inLanguage":"fr-FR","potentialAction":[{"@type":"ReadAction","target":["https:\/\/thefashiontourismsociety.com\/fr\/faq\/"]}]},{"@type":"BreadcrumbList","@id":"https:\/\/thefashiontourismsociety.com\/fr\/faq\/#breadcrumb","itemListElement":[{"@type":"ListItem","position":1,"name":"Home","item":"https:\/\/thefashiontourismsociety.com\/fr\/societe-de-tourisme-de-mode\/"},{"@type":"ListItem","position":2,"name":"FAQ"}]},{"@type":"WebSite","@id":"https:\/\/thefashiontourismsociety.com\/#website","url":"https:\/\/thefashiontourismsociety.com\/","name":"The Fashion Tourism Society","description":"Explore The World Through Its Fashions","potentialAction":[{"@type":"SearchAction","target":{"@type":"EntryPoint","urlTemplate":"https:\/\/thefashiontourismsociety.com\/?s={search_term_string}"},"query-input":{"@type":"PropertyValueSpecification","valueRequired":true,"valueName":"search_term_string"}}],"inLanguage":"fr-FR"}]}},"jetpack-related-posts":[{"id":4426,"url":"https:\/\/thefashiontourismsociety.com\/home-extended\/","url_meta":{"origin":5632,"position":0},"title":"The Fashion Tourism Society","author":"styladmin","date":"novembre 7, 2017","format":false,"excerpt":"[vc_row full_width=\"stretch_row_content_no_spaces\" full_height=\"yes\" video_bg=\"yes\" video_bg_url=\"https:\/\/www.youtube.com\/watch?v=OUU2hoo3r4g\" video_bckgr_url=\"https:\/\/www.youtube.com\/watch?v=OUU2hoo3r4g\" video_bckgr_start=\"0\" video_bckgr_end=\"0:26\" general_row_align=\"rigid-align-center\" css=\".vc_custom_1742428112765{margin-right: 0px !important;margin-bottom: 0px !important;margin-left: 0px !important;padding-top: 0px !important;padding-bottom: 0px !important;}\"][vc_column][vc_custom_heading text=\"Fashion Tourism Experiences\" font_container=\"tag:h4|font_size:55px|text_align:center|color:%23ffffff|line_height:1\" use_theme_fonts=\"yes\"][vc_custom_heading text=\"\" font_container=\"tag:h4|font_size:55px|text_align:center|color:%23ffffff|line_height:1\" use_theme_fonts=\"yes\"][vc_custom_heading text=\"Local Fashion, Shopping Tours & Experiences\" font_container=\"tag:h6|font_size:22px|text_align:center|color:%23ffffff\" use_theme_fonts=\"yes\"][vc_empty_space][vc_empty_space][vc_btn title=\"Book Your Next Experience\" style=\"custom\" custom_background=\"#333333\" custom_text=\"#ffffff\" shape=\"square\" align=\"center\" css=\"\" link=\"url:https%3A%2F%2Fthefashiontourismsociety.com%2Fshopping-tours%2F\"][vc_empty_space][vc_empty_space][\/vc_column][\/vc_row][vc_row full_width=\"stretch_row\" general_row_align=\"rigid-align-center\" css=\".vc_custom_1627280145026{margin-bottom:\u2026","rel":"","context":"Article similaire","block_context":{"text":"Article similaire","link":""},"img":{"alt_text":"","src":"","width":0,"height":0},"classes":[]},{"id":14,"url":"https:\/\/thefashiontourismsociety.com\/contacts\/","url_meta":{"origin":5632,"position":1},"title":"Contact Us","author":"styladmin","date":"mai 30, 2017","format":false,"excerpt":"[vc_row full_width=\"stretch_row\" css=\".vc_custom_1503249677753{margin-bottom: 0px !important;padding-top: 50px !important;padding-bottom: 80px !important;background-color: #ffffff !important;}\"][vc_column][vc_row_inner css=\".vc_custom_1503227787607{margin-bottom: 80px !important;border-bottom-width: 1px !important;padding-bottom: 80px !important;border-bottom-color: #f1f1f1 !important;border-bottom-style: solid !important;}\"][vc_column_inner width=\"1\/3\"][vc_icon type=\"etline\" color=\"grey\" icon_etline=\"icon-envelope\" css=\".vc_custom_1589851204884{margin-bottom: 10px !important;}\"][vc_column_text css=\".vc_custom_1589850167009{margin-bottom: 15px !important;}\"] General Inquiries [\/vc_column_text][vc_column_text css=\".vc_custom_1646459440014{margin-bottom: 20px !important;}\"]For more information regarding our styling and shopping experiences, please contact:[\/vc_column_text][vc_empty_space][vc_column_text css=\".vc_custom_1638373458926{margin-bottom: 35px\u2026","rel":"","context":"Article similaire","block_context":{"text":"Article similaire","link":""},"img":{"alt_text":"","src":"","width":0,"height":0},"classes":[]},{"id":2893,"url":"https:\/\/thefashiontourismsociety.com\/coming-soon\/","url_meta":{"origin":5632,"position":2},"title":"Coming Soon","author":"styladmin","date":"ao\u00fbt 3, 2017","format":false,"excerpt":"[vc_row full_width=\"stretch_row\" full_height=\"yes\" general_row_align=\"rigid-align-center\" css=\".vc_custom_1508070950414{margin-bottom: 0px !important;padding-top: 80px !important;padding-bottom: 80px !important;background: #333333 url(https:\/\/stylefiller.com\/wp-content\/uploads\/2017\/05\/grey_hero.jpg?id=4282) !important;background-position: center !important;background-repeat: no-repeat !important;background-size: cover !important;}\"][vc_column][vc_column_text css=\".vc_custom_1503259266532{margin-bottom: 0px !important;}\"] New Collection [\/vc_column_text][vc_single_image image=\"3347\" img_size=\"full\" alignment=\"center\" css=\".vc_custom_1503259273648{margin-bottom: 20px !important;}\"][vc_btn title=\"Back To Homepage\" style=\"custom\" custom_background=\"#333333\" custom_text=\"#ffffff\" shape=\"square\" link=\"url:%23|||\" css=\".vc_custom_1508071053619{margin-top: 40px !important;}\"][vc_btn title=\"Continue Shopping\" style=\"custom\" custom_background=\"#ffffff\" custom_text=\"#c2a693\" shape=\"square\" link=\"url:%23|||\"\u2026","rel":"","context":"Article similaire","block_context":{"text":"Article similaire","link":""},"img":{"alt_text":"","src":"","width":0,"height":0},"classes":[]},{"id":10988,"url":"https:\/\/thefashiontourismsociety.com\/it\/contattaci\/","url_meta":{"origin":5632,"position":3},"title":"Contattaci","author":"styladmin","date":"mai 30, 2017","format":false,"excerpt":"[vc_row full_width=\"stretch_row\" css=\".vc_custom_1503249677753{margin-bottom: 0px !important;padding-top: 50px !important;padding-bottom: 80px !important;background-color: #ffffff !important;}\"][vc_column][vc_row_inner css=\".vc_custom_1503227787607{margin-bottom: 80px !important;border-bottom-width: 1px !important;padding-bottom: 80px !important;border-bottom-color: #f1f1f1 !important;border-bottom-style: solid !important;}\"][vc_column_inner width=\"1\/3\"][vc_icon type=\"etline\" color=\"grey\" icon_etline=\"icon-envelope\" css=\".vc_custom_1589851204884{margin-bottom: 10px !important;}\"][vc_column_text css=\".vc_custom_1589850167009{margin-bottom: 15px !important;}\"] Richieste generali [\/vc_column_text][vc_column_text css=\".vc_custom_1646459440014{margin-bottom: 20px !important;}\"]Per maggiori informazioni sulle nostre esperienze di styling e di shopping, contattaci:[\/vc_column_text][vc_empty_space][vc_column_text css=\".vc_custom_1638373458926{margin-bottom:\u2026","rel":"","context":"Article similaire","block_context":{"text":"Article similaire","link":""},"img":{"alt_text":"","src":"","width":0,"height":0},"classes":[]},{"id":11759,"url":"https:\/\/thefashiontourismsociety.com\/pt-pt\/a-sociedade-de-turismo-de-moda\/","url_meta":{"origin":5632,"position":4},"title":"A Sociedade de Turismo de Moda","author":"styladmin","date":"novembre 7, 2017","format":false,"excerpt":"[vc_row full_width=\"stretch_row_content_no_spaces\" full_height=\"yes\" video_bg=\"yes\" video_bg_url=\"https:\/\/www.youtube.com\/watch?v=OUU2hoo3r4g\" video_bckgr_url=\"https:\/\/www.youtube.com\/watch?v=OUU2hoo3r4g\" video_bckgr_start=\"0\" video_bckgr_end=\"0:26\" general_row_align=\"rigid-align-center\" css=\".vc_custom_1742428112765{margin-right: 0px !important;margin-bottom: 0px !important;margin-left: 0px !important;padding-top: 0px !important;padding-bottom: 0px !important;}\"][vc_column][vc_custom_heading text=\"Experi\u00eancias de Turismo de Moda\" font_container=\"tag:h4|font_size:55px|text_align:center|color:%23ffffff|line_height:1\" use_theme_fonts=\"yes\"][vc_custom_heading text=\"\" font_container=\"tag:h4|font_size:55px|text_align:center|color:%23ffffff|line_height:1\" use_theme_fonts=\"yes\"][vc_custom_heading text=\"Moda local, passeios de compras e experi\u00eancias\" font_container=\"tag:h6|font_size:22px|text_align:center|color:%23ffffff\" use_theme_fonts=\"yes\"][vc_empty_space][vc_empty_space][vc_btn title=\"Reserve a sua pr\u00f3xima experi\u00eancia\" style=\"custom\" custom_background=\"#333333\" custom_text=\"#ffffff\" shape=\"square\" align=\"center\" css=\"\"\u2026","rel":"","context":"Article similaire","block_context":{"text":"Article similaire","link":""},"img":{"alt_text":"","src":"","width":0,"height":0},"classes":[]},{"id":5598,"url":"https:\/\/thefashiontourismsociety.com\/fr\/contactez-nous\/","url_meta":{"origin":5632,"position":5},"title":"Contactez Nous","author":"styladmin","date":"mai 30, 2017","format":false,"excerpt":"[vc_row full_width=\"stretch_row\" css=\".vc_custom_1503249677753{margin-bottom: 0px !important;padding-top: 50px !important;padding-bottom: 80px !important;background-color: #ffffff !important;}\"][vc_column][vc_row_inner css=\".vc_custom_1503227787607{margin-bottom: 80px !important;border-bottom-width: 1px !important;padding-bottom: 80px !important;border-bottom-color: #f1f1f1 !important;border-bottom-style: solid !important;}\"][vc_column_inner width=\"1\/3\"][vc_icon type=\"etline\" color=\"grey\" icon_etline=\"icon-envelope\" css=\".vc_custom_1589851204884{margin-bottom: 10px !important;}\"][vc_column_text css=\".vc_custom_1589850167009{margin-bottom: 15px !important;}\"] Requ\u00eates G\u00e9n\u00e9rales [\/vc_column_text][vc_column_text css=\".vc_custom_1646459492248{margin-bottom: 20px !important;}\"]Pour plus d'informations sur nos services de stylisme et nos exp\u00e9riences shopping, veuillez\u2026","rel":"","context":"Article similaire","block_context":{"text":"Article similaire","link":""},"img":{"alt_text":"","src":"","width":0,"height":0},"classes":[]}],"jetpack_sharing_enabled":true,"post_mailing_queue_ids":[],"_links":{"self":[{"href":"https:\/\/thefashiontourismsociety.com\/fr\/wp-json\/wp\/v2\/pages\/5632","targetHints":{"allow":["GET"]}}],"collection":[{"href":"https:\/\/thefashiontourismsociety.com\/fr\/wp-json\/wp\/v2\/pages"}],"about":[{"href":"https:\/\/thefashiontourismsociety.com\/fr\/wp-json\/wp\/v2\/types\/page"}],"author":[{"embeddable":true,"href":"https:\/\/thefashiontourismsociety.com\/fr\/wp-json\/wp\/v2\/users\/1"}],"replies":[{"embeddable":true,"href":"https:\/\/thefashiontourismsociety.com\/fr\/wp-json\/wp\/v2\/comments?post=5632"}],"version-history":[{"count":3,"href":"https:\/\/thefashiontourismsociety.com\/fr\/wp-json\/wp\/v2\/pages\/5632\/revisions"}],"predecessor-version":[{"id":5635,"href":"https:\/\/thefashiontourismsociety.com\/fr\/wp-json\/wp\/v2\/pages\/5632\/revisions\/5635"}],"wp:attachment":[{"href":"https:\/\/thefashiontourismsociety.com\/fr\/wp-json\/wp\/v2\/media?parent=5632"}],"curies":[{"name":"wp","href":"https:\/\/api.w.org\/{rel}","templated":true}]}}