{"id":5585,"date":"2017-08-03T07:03:35","date_gmt":"2017-08-03T11:03:35","guid":{"rendered":"https:\/\/stylter.co\/a-propos\/"},"modified":"2025-03-24T22:28:52","modified_gmt":"2025-03-25T02:28:52","slug":"a-propos","status":"publish","type":"page","link":"https:\/\/thefashiontourismsociety.com\/fr\/a-propos\/","title":{"rendered":"\u00c0 Propos"},"content":{"rendered":"<div class=\"wpb-content-wrapper\"><p>[vc_row full_width=&#8221;stretch_row&#8221; content_placement=&#8221;middle&#8221; css=&#8221;.vc_custom_1503215870640{margin-bottom: 0px !important;padding-top: 80px !important;padding-bottom: 80px !important;}&#8221;][vc_column width=&#8221;1\/2&#8243;][vc_single_image image=&#8221;5656&#8243; img_size=&#8221;566\u0445613&#8243; css_animation=&#8221;appear&#8221;][\/vc_column][vc_column width=&#8221;1\/2&#8243;][vc_column_text]<\/p>\n<h3>La Soci\u00e9t\u00e9 de Tourisme de Mode propose des aventures mode sous forme de circuits shopping et de nombreux autres services de stylisme. Gr\u00e2ce \u00e0 nos stylistes professionnels et \u00e0 notre expertise en mati\u00e8re de mode, nous sommes votre guide shopping pour personnaliser l&#8217;exp\u00e9rience shopping id\u00e9ale selon votre style et vos pr\u00e9f\u00e9rences.<\/h3>\n<p>[\/vc_column_text][vc_column_text]<\/p>\n<h6><span style=\"color: #999999;\">Nous pensons que le style est un outil puissant..<\/span><\/h6>\n<h6><span style=\"color: #999999;\">Nous consid\u00e9rons la mode comme une muse de la cr\u00e9ativit\u00e9.<\/span><\/h6>\n<h6><span style=\"color: #999999;\">Et nous ravivons nos \u00e9tincelles internes \u00e0 chaque aventure de magasinage bas\u00e9e sur l&#8217;exp\u00e9rience.<\/span><\/h6>\n<p>[\/vc_column_text][vc_column_text]<\/p>\n<h5>Ajoutons des \u00e9tincelles styl\u00e9es \u00e0 vos journ\u00e9es!<\/h5>\n<p>[\/vc_column_text][\/vc_column][\/vc_row][vc_row full_width=&#8221;stretch_row&#8221; css=&#8221;.vc_custom_1505632520861{margin-bottom: 0px !important;padding-top: 80px !important;padding-bottom: 80px !important;background-color: #fafafa !important;}&#8221;][vc_column width=&#8221;1\/3&#8243;][vc_column_text]<\/p>\n<h5>Notre Histoire.<\/h5>\n<p>[\/vc_column_text][vc_column_text]Inspir\u00e9e par des ann\u00e9es d&#8217;exp\u00e9rience en tant que styliste de mode, notre fondatrice \u00e9tait inspir\u00e9e par un d\u00e9sir de d\u00e9mocratiser le style et l&#8217;exp\u00e9rimentation\u00a0 mode. Elle d\u00e9cide alors de cr\u00e9er des services et exp\u00e9riences pour rendre le shopping plus amusant et efficace pour les passionn\u00e9s de mode et les curieux.[\/vc_column_text][\/vc_column][vc_column width=&#8221;1\/3&#8243;][vc_column_text]<\/p>\n<h5>Notre Mission.<\/h5>\n<p>[\/vc_column_text][vc_column_text]Notre mission est d&#8217;aider les gens \u00e0 ma\u00eetriser leurs looks et de lib\u00e9rer leur cr\u00e9ativit\u00e9 pour s&#8217;amuser et montrer qui ils sont r\u00e9ellement en un coup d&#8217;\u0153il, litt\u00e9ralement! Nous sommes \u00e9galement fiers de faire du shopping une aventure d\u00e9couverte divertissante, efficace et cr\u00e9ative, remplie de moments m\u00e9morables.[\/vc_column_text][\/vc_column][vc_column width=&#8221;1\/3&#8243;][vc_column_text]<\/p>\n<h5>Nos Valeurs.<\/h5>\n<p>[\/vc_column_text][vc_column_text]Respect. Nous valorisons l&#8217;ouverture, l&#8217;empathie et la gentillesse.<br \/>\nCr\u00e9ativit\u00e9. Nous aimons cr\u00e9er de l&#8217;art avec la mode.<br \/>\nCommunaut\u00e9. Nous soutenons les communaut\u00e9s de cr\u00e9ateurs locaux.<br \/>\nPens\u00e9e avant-gardiste. Nous ne croyons pas aux bo\u00eetes.<br \/>\nProfessionnalisme. Nous op\u00e9rons avec professionnalisme.[\/vc_column_text][\/vc_column][\/vc_row][vc_row full_width=&#8221;stretch_row&#8221; content_placement=&#8221;middle&#8221; disable_element=&#8221;yes&#8221; css=&#8221;.vc_custom_1589845993746{margin-bottom: 0px !important;padding-top: 80px !important;padding-bottom: 80px !important;}&#8221;][vc_column width=&#8221;1\/2&#8243;][vc_column_text]<\/p>\n<h3>The Rigid Shop.<\/h3>\n<p>[\/vc_column_text][vc_column_text]<\/p>\n<h6>Consumption as a share of gross domestic product in China has fallen for six decades, from 76 percent in 1952 to 28 percent in 2011. China plans to reduce tariffs on a number of consumer goods and expand its 72-hour transit visa plan to more cities in an effort to stimulate domestic consumption.<\/h6>\n<p>[\/vc_column_text][vc_btn title=&#8221;Shop Now&#8221; style=&#8221;custom&#8221; custom_background=&#8221;#333333&#8243; custom_text=&#8221;#ffffff&#8221; shape=&#8221;square&#8221; link=&#8221;url:https%3A%2F%2Frigid.althemist.com%2Fshop%2F|&#8221;][\/vc_column][vc_column width=&#8221;1\/2&#8243;][vc_single_image image=&#8221;4328&#8243; img_size=&#8221;566\u0445613&#8243; alignment=&#8221;center&#8221; css_animation=&#8221;appear&#8221;][\/vc_column][\/vc_row]<\/p>\n<\/div>","protected":false},"excerpt":{"rendered":"<p>[vc_row full_width=&#8221;stretch_row&#8221; content_placement=&#8221;middle&#8221; css=&#8221;.vc_custom_1503215870640{margin-bottom: 0px !important;padding-top: 80px !important;padding-bottom: 80px !important;}&#8221;][vc_column width=&#8221;1\/2&#8243;][vc_single_image image=&#8221;5656&#8243; img_size=&#8221;566\u0445613&#8243; css_animation=&#8221;appear&#8221;][\/vc_column][vc_column width=&#8221;1\/2&#8243;][vc_column_text] La Soci\u00e9t\u00e9 de Tourisme de Mode propose des aventures mode sous forme de circuits shopping et de nombreux autres services de stylisme. Gr\u00e2ce \u00e0 nos stylistes professionnels et \u00e0 notre expertise en mati\u00e8re de mode, nous sommes votre guide shopping &#8230;<a class=\"r_more_blog\" href=\"https:\/\/thefashiontourismsociety.com\/fr\/a-propos\/#more-5585\"><i class=\"fa fa-sign-in\"><\/i> read more<\/a><\/p>\n","protected":false},"author":1,"featured_media":0,"parent":0,"menu_order":0,"comment_status":"closed","ping_status":"closed","template":"","meta":{"om_disable_all_campaigns":false,"_monsterinsights_skip_tracking":false,"_monsterinsights_sitenote_active":false,"_monsterinsights_sitenote_note":"","_monsterinsights_sitenote_category":0,"_uf_show_specific_survey":0,"_uf_disable_surveys":false,"footnotes":""},"class_list":["post-5585","page","type-page","status-publish","hentry"],"yoast_head":"<!-- This site is optimized with the Yoast SEO plugin v27.2 - https:\/\/yoast.com\/product\/yoast-seo-wordpress\/ -->\n<title>\u00c0 Propos - The Fashion Tourism Society<\/title>\n<meta name=\"robots\" content=\"index, follow, max-snippet:-1, max-image-preview:large, max-video-preview:-1\" \/>\n<link rel=\"canonical\" href=\"https:\/\/thefashiontourismsociety.com\/fr\/a-propos\/\" \/>\n<meta property=\"og:locale\" content=\"fr_FR\" \/>\n<meta property=\"og:type\" content=\"article\" \/>\n<meta property=\"og:title\" content=\"\u00c0 Propos - The Fashion Tourism Society\" \/>\n<meta property=\"og:description\" content=\"[vc_row full_width=&#8221;stretch_row&#8221; content_placement=&#8221;middle&#8221; css=&#8221;.vc_custom_1503215870640{margin-bottom: 0px !important;padding-top: 80px !important;padding-bottom: 80px !important;}&#8221;][vc_column width=&#8221;1\/2&#8243;][vc_single_image image=&#8221;5656&#8243; img_size=&#8221;566\u0445613&#8243; css_animation=&#8221;appear&#8221;][\/vc_column][vc_column width=&#8221;1\/2&#8243;][vc_column_text] La Soci\u00e9t\u00e9 de Tourisme de Mode propose des aventures mode sous forme de circuits shopping et de nombreux autres services de stylisme. Gr\u00e2ce \u00e0 nos stylistes professionnels et \u00e0 notre expertise en mati\u00e8re de mode, nous sommes votre guide shopping ... read more\" \/>\n<meta property=\"og:url\" content=\"https:\/\/thefashiontourismsociety.com\/fr\/a-propos\/\" \/>\n<meta property=\"og:site_name\" content=\"The Fashion Tourism Society\" \/>\n<meta property=\"article:modified_time\" content=\"2025-03-25T02:28:52+00:00\" \/>\n<meta name=\"twitter:card\" content=\"summary_large_image\" \/>\n<meta name=\"twitter:label1\" content=\"Dur\u00e9e de lecture estim\u00e9e\" \/>\n\t<meta name=\"twitter:data1\" content=\"2 minutes\" \/>\n<!-- \/ Yoast SEO plugin. -->","yoast_head_json":{"title":"\u00c0 Propos - The Fashion Tourism Society","robots":{"index":"index","follow":"follow","max-snippet":"max-snippet:-1","max-image-preview":"max-image-preview:large","max-video-preview":"max-video-preview:-1"},"canonical":"https:\/\/thefashiontourismsociety.com\/fr\/a-propos\/","og_locale":"fr_FR","og_type":"article","og_title":"\u00c0 Propos - The Fashion Tourism Society","og_description":"[vc_row full_width=&#8221;stretch_row&#8221; content_placement=&#8221;middle&#8221; css=&#8221;.vc_custom_1503215870640{margin-bottom: 0px !important;padding-top: 80px !important;padding-bottom: 80px !important;}&#8221;][vc_column width=&#8221;1\/2&#8243;][vc_single_image image=&#8221;5656&#8243; img_size=&#8221;566\u0445613&#8243; css_animation=&#8221;appear&#8221;][\/vc_column][vc_column width=&#8221;1\/2&#8243;][vc_column_text] La Soci\u00e9t\u00e9 de Tourisme de Mode propose des aventures mode sous forme de circuits shopping et de nombreux autres services de stylisme. Gr\u00e2ce \u00e0 nos stylistes professionnels et \u00e0 notre expertise en mati\u00e8re de mode, nous sommes votre guide shopping ... read more","og_url":"https:\/\/thefashiontourismsociety.com\/fr\/a-propos\/","og_site_name":"The Fashion Tourism Society","article_modified_time":"2025-03-25T02:28:52+00:00","twitter_card":"summary_large_image","twitter_misc":{"Dur\u00e9e de lecture estim\u00e9e":"2 minutes"},"schema":{"@context":"https:\/\/schema.org","@graph":[{"@type":"WebPage","@id":"https:\/\/thefashiontourismsociety.com\/fr\/a-propos\/","url":"https:\/\/thefashiontourismsociety.com\/fr\/a-propos\/","name":"\u00c0 Propos - The Fashion Tourism Society","isPartOf":{"@id":"https:\/\/thefashiontourismsociety.com\/#website"},"datePublished":"2017-08-03T11:03:35+00:00","dateModified":"2025-03-25T02:28:52+00:00","breadcrumb":{"@id":"https:\/\/thefashiontourismsociety.com\/fr\/a-propos\/#breadcrumb"},"inLanguage":"fr-FR","potentialAction":[{"@type":"ReadAction","target":["https:\/\/thefashiontourismsociety.com\/fr\/a-propos\/"]}]},{"@type":"BreadcrumbList","@id":"https:\/\/thefashiontourismsociety.com\/fr\/a-propos\/#breadcrumb","itemListElement":[{"@type":"ListItem","position":1,"name":"Home","item":"https:\/\/thefashiontourismsociety.com\/fr\/societe-de-tourisme-de-mode\/"},{"@type":"ListItem","position":2,"name":"\u00c0 Propos"}]},{"@type":"WebSite","@id":"https:\/\/thefashiontourismsociety.com\/#website","url":"https:\/\/thefashiontourismsociety.com\/","name":"The Fashion Tourism Society","description":"Explore The World Through Its Fashions","potentialAction":[{"@type":"SearchAction","target":{"@type":"EntryPoint","urlTemplate":"https:\/\/thefashiontourismsociety.com\/?s={search_term_string}"},"query-input":{"@type":"PropertyValueSpecification","valueRequired":true,"valueName":"search_term_string"}}],"inLanguage":"fr-FR"}]}},"jetpack-related-posts":[{"id":5598,"url":"https:\/\/thefashiontourismsociety.com\/fr\/contactez-nous\/","url_meta":{"origin":5585,"position":0},"title":"Contactez Nous","author":"styladmin","date":"mai 30, 2017","format":false,"excerpt":"[vc_row full_width=\"stretch_row\" css=\".vc_custom_1503249677753{margin-bottom: 0px !important;padding-top: 50px !important;padding-bottom: 80px !important;background-color: #ffffff !important;}\"][vc_column][vc_row_inner css=\".vc_custom_1503227787607{margin-bottom: 80px !important;border-bottom-width: 1px !important;padding-bottom: 80px !important;border-bottom-color: #f1f1f1 !important;border-bottom-style: solid !important;}\"][vc_column_inner width=\"1\/3\"][vc_icon type=\"etline\" color=\"grey\" icon_etline=\"icon-envelope\" css=\".vc_custom_1589851204884{margin-bottom: 10px !important;}\"][vc_column_text css=\".vc_custom_1589850167009{margin-bottom: 15px !important;}\"] Requ\u00eates G\u00e9n\u00e9rales [\/vc_column_text][vc_column_text css=\".vc_custom_1646459492248{margin-bottom: 20px !important;}\"]Pour plus d'informations sur nos services de stylisme et nos exp\u00e9riences shopping, veuillez\u2026","rel":"","context":"Article similaire","block_context":{"text":"Article similaire","link":""},"img":{"alt_text":"","src":"","width":0,"height":0},"classes":[]},{"id":9957,"url":"https:\/\/thefashiontourismsociety.com\/fr\/shopping-tour-des-createurs-de-mode-barcelonais-avec-une-styliste\/","url_meta":{"origin":5585,"position":1},"title":"Shopping Tour Des Cr\u00e9ateurs De Mode Barcelonais Avec Une Styliste","author":"styladmin","date":"mai 28, 2023","format":false,"excerpt":"Please enable javascript in your browser to book","rel":"","context":"Article similaire","block_context":{"text":"Article similaire","link":""},"img":{"alt_text":"","src":"","width":0,"height":0},"classes":[]},{"id":10559,"url":"https:\/\/thefashiontourismsociety.com\/fr\/shopping-tour-a-rio-de-janeiro-avec-une-styliste-de-mode\/","url_meta":{"origin":5585,"position":2},"title":"Shopping Tour \u00c0 Rio de Janeiro Avec Une Styliste De Mode","author":"styladmin","date":"f\u00e9vrier 11, 2025","format":false,"excerpt":"Please enable javascript in your browser to book","rel":"","context":"Article similaire","block_context":{"text":"Article similaire","link":""},"img":{"alt_text":"","src":"","width":0,"height":0},"classes":[]},{"id":8623,"url":"https:\/\/thefashiontourismsociety.com\/fr\/shopping-tour-a-miami-avec-une-styliste-de-mode\/","url_meta":{"origin":5585,"position":3},"title":"Shopping Tour \u00c0 Miami Avec Une Styliste De Mode","author":"styladmin","date":"mars 16, 2022","format":false,"excerpt":"Please enable javascript in your browser to book","rel":"","context":"Article similaire","block_context":{"text":"Article similaire","link":""},"img":{"alt_text":"","src":"","width":0,"height":0},"classes":[]},{"id":8631,"url":"https:\/\/thefashiontourismsociety.com\/fr\/shopping-tour-a-chicago-avec-une-styliste-de-mode\/","url_meta":{"origin":5585,"position":4},"title":"Shopping Tour \u00c0 Chicago Avec Une Styliste De Mode","author":"styladmin","date":"mars 16, 2022","format":false,"excerpt":"Please enable javascript in your browser to book","rel":"","context":"Article similaire","block_context":{"text":"Article similaire","link":""},"img":{"alt_text":"","src":"","width":0,"height":0},"classes":[]},{"id":8635,"url":"https:\/\/thefashiontourismsociety.com\/fr\/shopping-tour-a-dallas-avec-une-styliste-de-mode\/","url_meta":{"origin":5585,"position":5},"title":"Shopping Tour \u00c0 Dallas Avec Une Styliste De Mode","author":"styladmin","date":"mars 16, 2022","format":false,"excerpt":"Please enable javascript in your browser to book","rel":"","context":"Article similaire","block_context":{"text":"Article similaire","link":""},"img":{"alt_text":"","src":"","width":0,"height":0},"classes":[]}],"jetpack_sharing_enabled":true,"post_mailing_queue_ids":[],"_links":{"self":[{"href":"https:\/\/thefashiontourismsociety.com\/fr\/wp-json\/wp\/v2\/pages\/5585","targetHints":{"allow":["GET"]}}],"collection":[{"href":"https:\/\/thefashiontourismsociety.com\/fr\/wp-json\/wp\/v2\/pages"}],"about":[{"href":"https:\/\/thefashiontourismsociety.com\/fr\/wp-json\/wp\/v2\/types\/page"}],"author":[{"embeddable":true,"href":"https:\/\/thefashiontourismsociety.com\/fr\/wp-json\/wp\/v2\/users\/1"}],"replies":[{"embeddable":true,"href":"https:\/\/thefashiontourismsociety.com\/fr\/wp-json\/wp\/v2\/comments?post=5585"}],"version-history":[{"count":8,"href":"https:\/\/thefashiontourismsociety.com\/fr\/wp-json\/wp\/v2\/pages\/5585\/revisions"}],"predecessor-version":[{"id":11627,"href":"https:\/\/thefashiontourismsociety.com\/fr\/wp-json\/wp\/v2\/pages\/5585\/revisions\/11627"}],"wp:attachment":[{"href":"https:\/\/thefashiontourismsociety.com\/fr\/wp-json\/wp\/v2\/media?parent=5585"}],"curies":[{"name":"wp","href":"https:\/\/api.w.org\/{rel}","templated":true}]}}